{"id":2807,"date":"2023-03-05T10:35:00","date_gmt":"2023-03-05T10:35:00","guid":{"rendered":"https:\/\/chicmisscosmetics.com\/?post_type=product&#038;p=2807"},"modified":"2023-03-05T10:35:00","modified_gmt":"2023-03-05T10:35:00","slug":"cerave-creme-moussante-nettoyante-hydratante-236ml","status":"publish","type":"product","link":"https:\/\/chicmisscosmetics.com\/index.php\/produit\/cerave-creme-moussante-nettoyante-hydratante-236ml\/","title":{"rendered":"Cerave Creme moussante Nettoyante Hydratante 236ml"},"content":{"rendered":"<p>D\u00e9velopp\u00e9e avec des dermatologues la Cr\u00e8me Moussante Nettoyante Hydratante CeraVe Nettoie, d\u00e9maquille et hydrate tout en respectant la barri\u00e8re protectrice des peaux normales \u00e0 s\u00e8ches. Texture cr\u00e8me en mousse onctueuse et enveloppante. Formule visage et yeux. Sans parfum.<\/p>\n","protected":false},"excerpt":{"rendered":"<p>D\u00e9velopp\u00e9e avec des dermatologues la Cr\u00e8me Moussante Nettoyante Hydratante CeraVe Nettoie, d\u00e9maquille et hydrate tout&hellip;<\/p>\n","protected":false},"featured_media":2808,"comment_status":"open","ping_status":"closed","template":"","meta":[],"pwb-brand":[],"product_brand":[],"product_cat":[82,80],"product_tag":[],"class_list":{"0":"post-2807","1":"product","2":"type-product","3":"status-publish","4":"has-post-thumbnail","6":"product_cat-soin-hydratant-nourrissant","7":"product_cat-soins","9":"first","10":"instock","11":"shipping-taxable","12":"purchasable","13":"product-type-simple","14":"layout-style-2","15":"col-md-4 col-sm-4 col-xs-6","16":"col-lg-3","17":"product-has-gallery","18":"product-style-addtocart"},"brands":[],"_links":{"self":[{"href":"https:\/\/chicmisscosmetics.com\/index.php\/wp-json\/wp\/v2\/product\/2807","targetHints":{"allow":["GET"]}}],"collection":[{"href":"https:\/\/chicmisscosmetics.com\/index.php\/wp-json\/wp\/v2\/product"}],"about":[{"href":"https:\/\/chicmisscosmetics.com\/index.php\/wp-json\/wp\/v2\/types\/product"}],"replies":[{"embeddable":true,"href":"https:\/\/chicmisscosmetics.com\/index.php\/wp-json\/wp\/v2\/comments?post=2807"}],"wp:featuredmedia":[{"embeddable":true,"href":"https:\/\/chicmisscosmetics.com\/index.php\/wp-json\/wp\/v2\/media\/2808"}],"wp:attachment":[{"href":"https:\/\/chicmisscosmetics.com\/index.php\/wp-json\/wp\/v2\/media?parent=2807"}],"wp:term":[{"taxonomy":"pwb-brand","embeddable":true,"href":"https:\/\/chicmisscosmetics.com\/index.php\/wp-json\/wp\/v2\/pwb-brand?post=2807"},{"taxonomy":"product_brand","embeddable":true,"href":"https:\/\/chicmisscosmetics.com\/index.php\/wp-json\/wp\/v2\/product_brand?post=2807"},{"taxonomy":"product_cat","embeddable":true,"href":"https:\/\/chicmisscosmetics.com\/index.php\/wp-json\/wp\/v2\/product_cat?post=2807"},{"taxonomy":"product_tag","embeddable":true,"href":"https:\/\/chicmisscosmetics.com\/index.php\/wp-json\/wp\/v2\/product_tag?post=2807"}],"curies":[{"name":"wp","href":"https:\/\/api.w.org\/{rel}","templated":true}]}}