{"id":2855,"date":"2023-03-05T18:18:07","date_gmt":"2023-03-05T18:18:07","guid":{"rendered":"https:\/\/chicmisscosmetics.com\/?post_type=product&#038;p=2855"},"modified":"2024-11-17T11:39:46","modified_gmt":"2024-11-17T10:39:46","slug":"bdellium-tools-eyes-brush-set-and-pouch-12-pc","status":"publish","type":"product","link":"https:\/\/chicmisscosmetics.com\/index.php\/produit\/bdellium-tools-eyes-brush-set-and-pouch-12-pc\/","title":{"rendered":"Bdellium Tools, Eyes Kit Pinceaux  12 Pcs"},"content":{"rendered":"<p>12 outils adapt\u00e9s pour r\u00e9pondre aux besoins de vos yeux. Inclus est une pochette enroulable Studio. Il dispose de 20 poches de diff\u00e9rentes largeurs pour accueillir une large gamme de contenus avec 4 poches lat\u00e9rales pour maintenir en place des objets petits ou l\u00e2ches.<\/p>\n","protected":false},"excerpt":{"rendered":"<p>Brushes included in this set:<br \/>\n#785S Tapered Blending<br \/>\n#780S Pencil<br \/>\n#778S Large Shadow<br \/>\n#776S Blending<br \/>\n#772S Small Shader<br \/>\n#766S Angled Shadow<br \/>\n#763S Angled Brow<br \/>\n#760S Liner\/Brow<br \/>\n#755S Smudge<br \/>\n#733S Lash<br \/>\n#714S Flat Eye Definer<br \/>\n#710S Eye Liner<\/p>\n","protected":false},"featured_media":2858,"comment_status":"open","ping_status":"closed","template":"","meta":[],"pwb-brand":[],"product_brand":[],"product_cat":[76,78,55],"product_tag":[],"class_list":{"0":"post-2855","1":"product","2":"type-product","3":"status-publish","4":"has-post-thumbnail","6":"product_cat-accessoires","7":"product_cat-kit-pinceaux","8":"product_cat-yeux","10":"first","11":"instock","12":"shipping-taxable","13":"purchasable","14":"product-type-simple","15":"layout-style-2","16":"col-md-4 col-sm-4 col-xs-6","17":"col-lg-3","18":"product-has-gallery","19":"product-style-addtocart"},"brands":[],"_links":{"self":[{"href":"https:\/\/chicmisscosmetics.com\/index.php\/wp-json\/wp\/v2\/product\/2855","targetHints":{"allow":["GET"]}}],"collection":[{"href":"https:\/\/chicmisscosmetics.com\/index.php\/wp-json\/wp\/v2\/product"}],"about":[{"href":"https:\/\/chicmisscosmetics.com\/index.php\/wp-json\/wp\/v2\/types\/product"}],"replies":[{"embeddable":true,"href":"https:\/\/chicmisscosmetics.com\/index.php\/wp-json\/wp\/v2\/comments?post=2855"}],"wp:featuredmedia":[{"embeddable":true,"href":"https:\/\/chicmisscosmetics.com\/index.php\/wp-json\/wp\/v2\/media\/2858"}],"wp:attachment":[{"href":"https:\/\/chicmisscosmetics.com\/index.php\/wp-json\/wp\/v2\/media?parent=2855"}],"wp:term":[{"taxonomy":"pwb-brand","embeddable":true,"href":"https:\/\/chicmisscosmetics.com\/index.php\/wp-json\/wp\/v2\/pwb-brand?post=2855"},{"taxonomy":"product_brand","embeddable":true,"href":"https:\/\/chicmisscosmetics.com\/index.php\/wp-json\/wp\/v2\/product_brand?post=2855"},{"taxonomy":"product_cat","embeddable":true,"href":"https:\/\/chicmisscosmetics.com\/index.php\/wp-json\/wp\/v2\/product_cat?post=2855"},{"taxonomy":"product_tag","embeddable":true,"href":"https:\/\/chicmisscosmetics.com\/index.php\/wp-json\/wp\/v2\/product_tag?post=2855"}],"curies":[{"name":"wp","href":"https:\/\/api.w.org\/{rel}","templated":true}]}}