{"id":2929,"date":"2023-03-07T14:35:31","date_gmt":"2023-03-07T14:35:31","guid":{"rendered":"https:\/\/chicmisscosmetics.com\/?post_type=product&#038;p=2929"},"modified":"2023-03-07T14:35:31","modified_gmt":"2023-03-07T14:35:31","slug":"the-ordinary-acide-hyaluronique-2-b5-30ml","status":"publish","type":"product","link":"https:\/\/chicmisscosmetics.com\/index.php\/produit\/the-ordinary-acide-hyaluronique-2-b5-30ml\/","title":{"rendered":"The Ordinary &#8211; Acide Hyaluronique 2% + B5.   30ml"},"content":{"rendered":"<p>Une formule vegan hydratante \u00e0 base d&rsquo;Acide Hyaluronique ultra-pur. Le poids mol\u00e9culaire de l&rsquo;Acide Hyaluronique d\u00e9termine sa capacit\u00e9 \u00e0 agir en profondeur dans la peau.<\/p>\n<p>Cette formule contient 3 poids mol\u00e9culaires d&rsquo;Acide Hyaluronique (haut, moyen et bas), ainsi qu&rsquo;un polym\u00e8re r\u00e9ticul\u00e9 d&rsquo;Acide Hyaluronique de nouvelle g\u00e9n\u00e9ration, offrant une hydratation multicouche (en surface et en profondeur), sans huile. Cette concentration de 2% d&rsquo;Acide Hyaluronique est soutenue par la pr\u00e9sence de Vitamine B5 qui renforce l&rsquo;hydratation de la surface de la peau.<\/p>\n","protected":false},"excerpt":{"rendered":"<p>Une formule vegan hydratante \u00e0 base d&rsquo;Acide Hyaluronique ultra-pur. Le poids mol\u00e9culaire de l&rsquo;Acide Hyaluronique&hellip;<\/p>\n","protected":false},"featured_media":2930,"comment_status":"open","ping_status":"closed","template":"","meta":[],"pwb-brand":[102],"product_brand":[],"product_cat":[85,81,80],"product_tag":[],"class_list":{"0":"post-2929","1":"product","2":"type-product","3":"status-publish","4":"has-post-thumbnail","6":"pwb-brand-the-ordinary","7":"product_cat-serum","8":"product_cat-soin-anti-rides-anti-age","9":"product_cat-soins","11":"first","12":"instock","13":"shipping-taxable","14":"purchasable","15":"product-type-simple","16":"layout-style-2","17":"col-md-4 col-sm-4 col-xs-6","18":"col-lg-3","19":"product-has-gallery","20":"product-style-addtocart"},"brands":[{"id":102,"name":"THE ORDINARY","slug":"the-ordinary"}],"_links":{"self":[{"href":"https:\/\/chicmisscosmetics.com\/index.php\/wp-json\/wp\/v2\/product\/2929","targetHints":{"allow":["GET"]}}],"collection":[{"href":"https:\/\/chicmisscosmetics.com\/index.php\/wp-json\/wp\/v2\/product"}],"about":[{"href":"https:\/\/chicmisscosmetics.com\/index.php\/wp-json\/wp\/v2\/types\/product"}],"replies":[{"embeddable":true,"href":"https:\/\/chicmisscosmetics.com\/index.php\/wp-json\/wp\/v2\/comments?post=2929"}],"wp:featuredmedia":[{"embeddable":true,"href":"https:\/\/chicmisscosmetics.com\/index.php\/wp-json\/wp\/v2\/media\/2930"}],"wp:attachment":[{"href":"https:\/\/chicmisscosmetics.com\/index.php\/wp-json\/wp\/v2\/media?parent=2929"}],"wp:term":[{"taxonomy":"pwb-brand","embeddable":true,"href":"https:\/\/chicmisscosmetics.com\/index.php\/wp-json\/wp\/v2\/pwb-brand?post=2929"},{"taxonomy":"product_brand","embeddable":true,"href":"https:\/\/chicmisscosmetics.com\/index.php\/wp-json\/wp\/v2\/product_brand?post=2929"},{"taxonomy":"product_cat","embeddable":true,"href":"https:\/\/chicmisscosmetics.com\/index.php\/wp-json\/wp\/v2\/product_cat?post=2929"},{"taxonomy":"product_tag","embeddable":true,"href":"https:\/\/chicmisscosmetics.com\/index.php\/wp-json\/wp\/v2\/product_tag?post=2929"}],"curies":[{"name":"wp","href":"https:\/\/api.w.org\/{rel}","templated":true}]}}