{"id":2932,"date":"2023-03-07T14:44:08","date_gmt":"2023-03-07T14:44:08","guid":{"rendered":"https:\/\/chicmisscosmetics.com\/?post_type=product&#038;p=2932"},"modified":"2024-03-03T22:33:06","modified_gmt":"2024-03-03T21:33:06","slug":"the-ordinary-solution-tonifiante-a-lacide-glycolique-7-240ml","status":"publish","type":"product","link":"https:\/\/chicmisscosmetics.com\/index.php\/produit\/the-ordinary-solution-tonifiante-a-lacide-glycolique-7-240ml\/","title":{"rendered":"The Ordinary -Solution Tonifiante \u00c0 L&rsquo;Acide Glycolique 7%.  240ml"},"content":{"rendered":"<p>L\u2019Acide Glycolique est un Acide Alpha-Hydroxyl\u00e9 (AHA) qui exfolie la peau. Cette solution tonifiante Vegan concentr\u00e9e \u00e0 7% offre une exfoliation l\u00e9g\u00e8re pour am\u00e9liorer l\u2019\u00e9clat et la clart\u00e9 du teint.<br \/>\nCette formule am\u00e9liore \u00e9galement la texture de la peau sur le long terme.<\/p>\n<p>Ce produit contient un d\u00e9riv\u00e9 de baie poivr\u00e9e de Tasmanie pour r\u00e9duire l\u2019irritation souvent associ\u00e9e \u00e0 l\u2019utilisation d\u2019acides de fruits. Ce d\u00e9riv\u00e9 est d\u2019origine v\u00e9g\u00e9tale et sa couleur varie selon la saison. Cette variation de couleur peut \u00eatre apparente dans la formule de temps \u00e0 autre.<\/p>\n<p>La Solution Tonifiante \u00e0 l\u2019Acide Glycolique 7% contient \u00e9galement de la racine de ginseng et de l\u2019aloe vera pour booster l\u2019\u00e9clat de la peau et l\u2019apaiser. Le pH de cette formule est d\u2019environ 3,6. L\u2019Acide Glycolique a un pKa. de 3,6. Le pKa est l\u2019indicateur le plus important \u00e0 consid\u00e9rer dans la formulation d\u2019acides. Lorsque le pKa est proche du pH, il y a un parfait \u00e9quilibre entre le sel et l\u2019acidit\u00e9 ce qui optimise l\u2019efficacit\u00e9 de l\u2019acide et r\u00e9duit l\u2019irritation.<\/p>\n","protected":false},"excerpt":{"rendered":"<p>L\u2019Acide Glycolique est un Acide Alpha-Hydroxyl\u00e9 (AHA) qui exfolie la peau. Cette solution tonifiante Vegan&hellip;<\/p>\n","protected":false},"featured_media":2933,"comment_status":"open","ping_status":"closed","template":"","meta":[],"pwb-brand":[102],"product_brand":[],"product_cat":[85,80],"product_tag":[],"class_list":{"0":"post-2932","1":"product","2":"type-product","3":"status-publish","4":"has-post-thumbnail","6":"pwb-brand-the-ordinary","7":"product_cat-serum","8":"product_cat-soins","10":"first","11":"instock","12":"shipping-taxable","13":"purchasable","14":"product-type-simple","15":"layout-style-2","16":"col-md-4 col-sm-4 col-xs-6","17":"col-lg-3","18":"product-has-gallery","19":"product-style-addtocart"},"brands":[{"id":102,"name":"THE ORDINARY","slug":"the-ordinary"}],"_links":{"self":[{"href":"https:\/\/chicmisscosmetics.com\/index.php\/wp-json\/wp\/v2\/product\/2932","targetHints":{"allow":["GET"]}}],"collection":[{"href":"https:\/\/chicmisscosmetics.com\/index.php\/wp-json\/wp\/v2\/product"}],"about":[{"href":"https:\/\/chicmisscosmetics.com\/index.php\/wp-json\/wp\/v2\/types\/product"}],"replies":[{"embeddable":true,"href":"https:\/\/chicmisscosmetics.com\/index.php\/wp-json\/wp\/v2\/comments?post=2932"}],"wp:featuredmedia":[{"embeddable":true,"href":"https:\/\/chicmisscosmetics.com\/index.php\/wp-json\/wp\/v2\/media\/2933"}],"wp:attachment":[{"href":"https:\/\/chicmisscosmetics.com\/index.php\/wp-json\/wp\/v2\/media?parent=2932"}],"wp:term":[{"taxonomy":"pwb-brand","embeddable":true,"href":"https:\/\/chicmisscosmetics.com\/index.php\/wp-json\/wp\/v2\/pwb-brand?post=2932"},{"taxonomy":"product_brand","embeddable":true,"href":"https:\/\/chicmisscosmetics.com\/index.php\/wp-json\/wp\/v2\/product_brand?post=2932"},{"taxonomy":"product_cat","embeddable":true,"href":"https:\/\/chicmisscosmetics.com\/index.php\/wp-json\/wp\/v2\/product_cat?post=2932"},{"taxonomy":"product_tag","embeddable":true,"href":"https:\/\/chicmisscosmetics.com\/index.php\/wp-json\/wp\/v2\/product_tag?post=2932"}],"curies":[{"name":"wp","href":"https:\/\/api.w.org\/{rel}","templated":true}]}}