{"id":2996,"date":"2023-03-14T10:53:53","date_gmt":"2023-03-14T10:53:53","guid":{"rendered":"https:\/\/chicmisscosmetics.com\/?post_type=product&#038;p=2996"},"modified":"2024-11-17T11:28:34","modified_gmt":"2024-11-17T10:28:34","slug":"kryolan-transparent-jelly-100-ml","status":"publish","type":"product","link":"https:\/\/chicmisscosmetics.com\/index.php\/produit\/kryolan-transparent-jelly-100-ml\/","title":{"rendered":"KRYOLAN &#8211; TRANSPARENT JELLY 100 ML"},"content":{"rendered":"<p>Transparent Jelly est un gel transparent verd\u00e2tre, pour la simulation de transpiration et d&rsquo;humidit\u00e9. Tamponnez Transparent Jelly avec une \u00e9ponge ou un pinceau sur la zone souhait\u00e9e, apr\u00e8s avoir appliqu\u00e9 et fix\u00e9 le maquillage. Apr\u00e8s quelques minutes, la pr\u00e9paration sera s\u00e8che.<\/p>\n","protected":false},"excerpt":{"rendered":"<p>Transparent Jelly est un gel transparent verd\u00e2tre, pour la simulation de transpiration et d&rsquo;humidit\u00e9. Tamponnez&hellip;<\/p>\n","protected":false},"featured_media":2997,"comment_status":"open","ping_status":"closed","template":"","meta":[],"pwb-brand":[156],"product_brand":[],"product_cat":[52,53,68,51],"product_tag":[],"class_list":{"0":"post-2996","1":"product","2":"type-product","3":"status-publish","4":"has-post-thumbnail","6":"pwb-brand-kryolan","7":"product_cat-base","8":"product_cat-base-visage","9":"product_cat-fixateur","10":"product_cat-maquillage","12":"first","13":"instock","14":"shipping-taxable","15":"purchasable","16":"product-type-simple","17":"layout-style-2","18":"col-md-4 col-sm-4 col-xs-6","19":"col-lg-3","20":"product-style-addtocart"},"brands":[{"id":156,"name":"Kryolan","slug":"kryolan"}],"_links":{"self":[{"href":"https:\/\/chicmisscosmetics.com\/index.php\/wp-json\/wp\/v2\/product\/2996","targetHints":{"allow":["GET"]}}],"collection":[{"href":"https:\/\/chicmisscosmetics.com\/index.php\/wp-json\/wp\/v2\/product"}],"about":[{"href":"https:\/\/chicmisscosmetics.com\/index.php\/wp-json\/wp\/v2\/types\/product"}],"replies":[{"embeddable":true,"href":"https:\/\/chicmisscosmetics.com\/index.php\/wp-json\/wp\/v2\/comments?post=2996"}],"wp:featuredmedia":[{"embeddable":true,"href":"https:\/\/chicmisscosmetics.com\/index.php\/wp-json\/wp\/v2\/media\/2997"}],"wp:attachment":[{"href":"https:\/\/chicmisscosmetics.com\/index.php\/wp-json\/wp\/v2\/media?parent=2996"}],"wp:term":[{"taxonomy":"pwb-brand","embeddable":true,"href":"https:\/\/chicmisscosmetics.com\/index.php\/wp-json\/wp\/v2\/pwb-brand?post=2996"},{"taxonomy":"product_brand","embeddable":true,"href":"https:\/\/chicmisscosmetics.com\/index.php\/wp-json\/wp\/v2\/product_brand?post=2996"},{"taxonomy":"product_cat","embeddable":true,"href":"https:\/\/chicmisscosmetics.com\/index.php\/wp-json\/wp\/v2\/product_cat?post=2996"},{"taxonomy":"product_tag","embeddable":true,"href":"https:\/\/chicmisscosmetics.com\/index.php\/wp-json\/wp\/v2\/product_tag?post=2996"}],"curies":[{"name":"wp","href":"https:\/\/api.w.org\/{rel}","templated":true}]}}