{"id":2998,"date":"2023-03-14T11:04:33","date_gmt":"2023-03-14T11:04:33","guid":{"rendered":"https:\/\/chicmisscosmetics.com\/?post_type=product&#038;p=2998"},"modified":"2026-04-18T16:02:41","modified_gmt":"2026-04-18T15:02:41","slug":"kryolan-translucent-loose-powder-tl11-60g","status":"publish","type":"product","link":"https:\/\/chicmisscosmetics.com\/index.php\/produit\/kryolan-translucent-loose-powder-tl11-60g\/","title":{"rendered":"Kryolan Translucent Loose Powder &#8211; TL11 &#8211; 50G"},"content":{"rendered":"<p>Translucent Powder est une poudre classique, caract\u00e9ris\u00e9e par sa finesse et sa grande neutralit\u00e9 de couleur. Translucent Powder contient un taux important d&rsquo;amidon de riz modifi\u00e9, unique en son genre. Il assure un grand pouvoir d&rsquo;absorption, et am\u00e9liore la durabilit\u00e9 du maquillage sur la peau. Translucent Powder convient parfaitement \u00e0 toutes les applications professionnelles. Les fines particules de poudre donnent une sensation confortable et agr\u00e9able sur la peau.<\/p>\n<p>D\u00e9tails: 60 g<\/p>\n","protected":false},"excerpt":{"rendered":"<p>Translucent Powder est une poudre classique, caract\u00e9ris\u00e9e par sa finesse et sa grande neutralit\u00e9 de&hellip;<\/p>\n","protected":false},"featured_media":2999,"comment_status":"open","ping_status":"closed","template":"","meta":[],"pwb-brand":[156],"product_brand":[],"product_cat":[51,67,61],"product_tag":[],"class_list":{"0":"post-2998","1":"product","2":"type-product","3":"status-publish","4":"has-post-thumbnail","6":"pwb-brand-kryolan","7":"product_cat-maquillage","8":"product_cat-poudre-libre","9":"product_cat-visage","11":"first","12":"instock","13":"shipping-taxable","14":"purchasable","15":"product-type-simple","16":"layout-style-2","17":"col-md-4 col-sm-4 col-xs-6","18":"col-lg-3","19":"product-has-gallery","20":"product-style-addtocart"},"brands":[{"id":156,"name":"Kryolan","slug":"kryolan"}],"_links":{"self":[{"href":"https:\/\/chicmisscosmetics.com\/index.php\/wp-json\/wp\/v2\/product\/2998","targetHints":{"allow":["GET"]}}],"collection":[{"href":"https:\/\/chicmisscosmetics.com\/index.php\/wp-json\/wp\/v2\/product"}],"about":[{"href":"https:\/\/chicmisscosmetics.com\/index.php\/wp-json\/wp\/v2\/types\/product"}],"replies":[{"embeddable":true,"href":"https:\/\/chicmisscosmetics.com\/index.php\/wp-json\/wp\/v2\/comments?post=2998"}],"wp:featuredmedia":[{"embeddable":true,"href":"https:\/\/chicmisscosmetics.com\/index.php\/wp-json\/wp\/v2\/media\/2999"}],"wp:attachment":[{"href":"https:\/\/chicmisscosmetics.com\/index.php\/wp-json\/wp\/v2\/media?parent=2998"}],"wp:term":[{"taxonomy":"pwb-brand","embeddable":true,"href":"https:\/\/chicmisscosmetics.com\/index.php\/wp-json\/wp\/v2\/pwb-brand?post=2998"},{"taxonomy":"product_brand","embeddable":true,"href":"https:\/\/chicmisscosmetics.com\/index.php\/wp-json\/wp\/v2\/product_brand?post=2998"},{"taxonomy":"product_cat","embeddable":true,"href":"https:\/\/chicmisscosmetics.com\/index.php\/wp-json\/wp\/v2\/product_cat?post=2998"},{"taxonomy":"product_tag","embeddable":true,"href":"https:\/\/chicmisscosmetics.com\/index.php\/wp-json\/wp\/v2\/product_tag?post=2998"}],"curies":[{"name":"wp","href":"https:\/\/api.w.org\/{rel}","templated":true}]}}