{"id":3009,"date":"2023-03-14T13:41:10","date_gmt":"2023-03-14T13:41:10","guid":{"rendered":"https:\/\/chicmisscosmetics.com\/?post_type=product&#038;p=3009"},"modified":"2023-03-14T13:41:10","modified_gmt":"2023-03-14T13:41:10","slug":"the-ordinary-solution-a-la-cafeine-5-egcg","status":"publish","type":"product","link":"https:\/\/chicmisscosmetics.com\/index.php\/produit\/the-ordinary-solution-a-la-cafeine-5-egcg\/","title":{"rendered":"THE ORDINARY &#8211; Solution \u00c0 La Cafeine 5% + EGCG"},"content":{"rendered":"<p>Ce s\u00e9rum vegan l\u00e9ger contient une tr\u00e8s forte concentration de 5% de caf\u00e9ine ainsi qu&rsquo;une forme purifi\u00e9e de Glucoside de Gallate d&rsquo;\u00c9pigallocat\u00e9chine (EGCG) issue des feuilles de th\u00e9 vert.<\/p>\n<p>Des recherches ind\u00e9pendantes ont montr\u00e9 que l&rsquo;utilisation topique de caf\u00e9ine et de EGCG aide \u00e0 diminuer les poches et les cernes de la zone du contour de l&rsquo;oeil.<\/p>\n","protected":false},"excerpt":{"rendered":"<p>Ce s\u00e9rum vegan l\u00e9ger contient une tr\u00e8s forte concentration de 5% de caf\u00e9ine ainsi qu&rsquo;une&hellip;<\/p>\n","protected":false},"featured_media":3010,"comment_status":"open","ping_status":"closed","template":"","meta":[],"pwb-brand":[102],"product_brand":[],"product_cat":[85,83,80],"product_tag":[],"class_list":{"0":"post-3009","1":"product","2":"type-product","3":"status-publish","4":"has-post-thumbnail","6":"pwb-brand-the-ordinary","7":"product_cat-serum","8":"product_cat-soin-anti-imperfections","9":"product_cat-soins","11":"first","12":"instock","13":"shipping-taxable","14":"purchasable","15":"product-type-simple","16":"layout-style-2","17":"col-md-4 col-sm-4 col-xs-6","18":"col-lg-3","19":"product-has-gallery","20":"product-style-addtocart"},"brands":[{"id":102,"name":"THE ORDINARY","slug":"the-ordinary"}],"_links":{"self":[{"href":"https:\/\/chicmisscosmetics.com\/index.php\/wp-json\/wp\/v2\/product\/3009","targetHints":{"allow":["GET"]}}],"collection":[{"href":"https:\/\/chicmisscosmetics.com\/index.php\/wp-json\/wp\/v2\/product"}],"about":[{"href":"https:\/\/chicmisscosmetics.com\/index.php\/wp-json\/wp\/v2\/types\/product"}],"replies":[{"embeddable":true,"href":"https:\/\/chicmisscosmetics.com\/index.php\/wp-json\/wp\/v2\/comments?post=3009"}],"wp:featuredmedia":[{"embeddable":true,"href":"https:\/\/chicmisscosmetics.com\/index.php\/wp-json\/wp\/v2\/media\/3010"}],"wp:attachment":[{"href":"https:\/\/chicmisscosmetics.com\/index.php\/wp-json\/wp\/v2\/media?parent=3009"}],"wp:term":[{"taxonomy":"pwb-brand","embeddable":true,"href":"https:\/\/chicmisscosmetics.com\/index.php\/wp-json\/wp\/v2\/pwb-brand?post=3009"},{"taxonomy":"product_brand","embeddable":true,"href":"https:\/\/chicmisscosmetics.com\/index.php\/wp-json\/wp\/v2\/product_brand?post=3009"},{"taxonomy":"product_cat","embeddable":true,"href":"https:\/\/chicmisscosmetics.com\/index.php\/wp-json\/wp\/v2\/product_cat?post=3009"},{"taxonomy":"product_tag","embeddable":true,"href":"https:\/\/chicmisscosmetics.com\/index.php\/wp-json\/wp\/v2\/product_tag?post=3009"}],"curies":[{"name":"wp","href":"https:\/\/api.w.org\/{rel}","templated":true}]}}