{"id":3013,"date":"2023-03-14T13:44:51","date_gmt":"2023-03-14T13:44:51","guid":{"rendered":"https:\/\/chicmisscosmetics.com\/?post_type=product&#038;p=3013"},"modified":"2023-03-14T13:44:51","modified_gmt":"2023-03-14T13:44:51","slug":"the-ordinary-alpha-arbutine-2-ha","status":"publish","type":"product","link":"https:\/\/chicmisscosmetics.com\/index.php\/produit\/the-ordinary-alpha-arbutine-2-ha\/","title":{"rendered":"THE ORDINARY -Alpha Arbutine 2% + HA"},"content":{"rendered":"<p>Un s\u00e9rum vegan concentr\u00e9 en Alpha Arbutine et en Acide Hyaluronique.<\/p>\n<p>L&rsquo;Alpha Arbutine r\u00e9duit l&rsquo;apparence des taches et de l&rsquo;hyperpigmentation.<br \/>\nL&rsquo;Alpha Arbutine est ici propos\u00e9e \u00e0 une forte concentration de 2%.<br \/>\nL&rsquo;Acide Hyaluronique booste l&rsquo;efficacit\u00e9 de l&rsquo;Alpha Arbutine.<\/p>\n","protected":false},"excerpt":{"rendered":"<p>Un s\u00e9rum vegan concentr\u00e9 en Alpha Arbutine et en Acide Hyaluronique. L&rsquo;Alpha Arbutine r\u00e9duit l&rsquo;apparence&hellip;<\/p>\n","protected":false},"featured_media":3014,"comment_status":"open","ping_status":"closed","template":"","meta":[],"pwb-brand":[],"product_brand":[],"product_cat":[85,81,80],"product_tag":[],"class_list":{"0":"post-3013","1":"product","2":"type-product","3":"status-publish","4":"has-post-thumbnail","6":"product_cat-serum","7":"product_cat-soin-anti-rides-anti-age","8":"product_cat-soins","10":"first","11":"instock","12":"shipping-taxable","13":"purchasable","14":"product-type-simple","15":"layout-style-2","16":"col-md-4 col-sm-4 col-xs-6","17":"col-lg-3","18":"product-has-gallery","19":"product-style-addtocart"},"brands":[],"_links":{"self":[{"href":"https:\/\/chicmisscosmetics.com\/index.php\/wp-json\/wp\/v2\/product\/3013","targetHints":{"allow":["GET"]}}],"collection":[{"href":"https:\/\/chicmisscosmetics.com\/index.php\/wp-json\/wp\/v2\/product"}],"about":[{"href":"https:\/\/chicmisscosmetics.com\/index.php\/wp-json\/wp\/v2\/types\/product"}],"replies":[{"embeddable":true,"href":"https:\/\/chicmisscosmetics.com\/index.php\/wp-json\/wp\/v2\/comments?post=3013"}],"wp:featuredmedia":[{"embeddable":true,"href":"https:\/\/chicmisscosmetics.com\/index.php\/wp-json\/wp\/v2\/media\/3014"}],"wp:attachment":[{"href":"https:\/\/chicmisscosmetics.com\/index.php\/wp-json\/wp\/v2\/media?parent=3013"}],"wp:term":[{"taxonomy":"pwb-brand","embeddable":true,"href":"https:\/\/chicmisscosmetics.com\/index.php\/wp-json\/wp\/v2\/pwb-brand?post=3013"},{"taxonomy":"product_brand","embeddable":true,"href":"https:\/\/chicmisscosmetics.com\/index.php\/wp-json\/wp\/v2\/product_brand?post=3013"},{"taxonomy":"product_cat","embeddable":true,"href":"https:\/\/chicmisscosmetics.com\/index.php\/wp-json\/wp\/v2\/product_cat?post=3013"},{"taxonomy":"product_tag","embeddable":true,"href":"https:\/\/chicmisscosmetics.com\/index.php\/wp-json\/wp\/v2\/product_tag?post=3013"}],"curies":[{"name":"wp","href":"https:\/\/api.w.org\/{rel}","templated":true}]}}