{"id":3017,"date":"2023-03-14T13:51:39","date_gmt":"2023-03-14T13:51:39","guid":{"rendered":"https:\/\/chicmisscosmetics.com\/?post_type=product&#038;p=3017"},"modified":"2023-03-14T13:51:39","modified_gmt":"2023-03-14T13:51:39","slug":"the-ordinary-acide-lactique-10-ha","status":"publish","type":"product","link":"https:\/\/chicmisscosmetics.com\/index.php\/produit\/the-ordinary-acide-lactique-10-ha\/","title":{"rendered":"THE ORDINARY &#8211; Acide Lactique 10% + HA"},"content":{"rendered":"<p>Une formulation vegan l\u00e9g\u00e8re \u00e0 moyenne de peeling superficiel.<\/p>\n<p>L&rsquo;Acide Lactique est un Acide Alpha-Hydroxyl\u00e9 qui exfolie la peau.<br \/>\nCes deux formules (5% et 10%) offrent une exfoliation l\u00e9g\u00e8re \u00e0 moyenne soutenue par de la baie poivr\u00e9e de Tasmanie qui r\u00e9duit l&rsquo;inflammation et la sensibilit\u00e9 souvent entrain\u00e9es par l&rsquo;exfoliation.<\/p>\n","protected":false},"excerpt":{"rendered":"<p>Une formulation vegan l\u00e9g\u00e8re \u00e0 moyenne de peeling superficiel. L&rsquo;Acide Lactique est un Acide Alpha-Hydroxyl\u00e9&hellip;<\/p>\n","protected":false},"featured_media":3018,"comment_status":"open","ping_status":"closed","template":"","meta":[],"pwb-brand":[102],"product_brand":[],"product_cat":[85,83,80],"product_tag":[],"class_list":{"0":"post-3017","1":"product","2":"type-product","3":"status-publish","4":"has-post-thumbnail","6":"pwb-brand-the-ordinary","7":"product_cat-serum","8":"product_cat-soin-anti-imperfections","9":"product_cat-soins","11":"first","12":"instock","13":"shipping-taxable","14":"purchasable","15":"product-type-simple","16":"layout-style-2","17":"col-md-4 col-sm-4 col-xs-6","18":"col-lg-3","19":"product-has-gallery","20":"product-style-addtocart"},"brands":[{"id":102,"name":"THE ORDINARY","slug":"the-ordinary"}],"_links":{"self":[{"href":"https:\/\/chicmisscosmetics.com\/index.php\/wp-json\/wp\/v2\/product\/3017","targetHints":{"allow":["GET"]}}],"collection":[{"href":"https:\/\/chicmisscosmetics.com\/index.php\/wp-json\/wp\/v2\/product"}],"about":[{"href":"https:\/\/chicmisscosmetics.com\/index.php\/wp-json\/wp\/v2\/types\/product"}],"replies":[{"embeddable":true,"href":"https:\/\/chicmisscosmetics.com\/index.php\/wp-json\/wp\/v2\/comments?post=3017"}],"wp:featuredmedia":[{"embeddable":true,"href":"https:\/\/chicmisscosmetics.com\/index.php\/wp-json\/wp\/v2\/media\/3018"}],"wp:attachment":[{"href":"https:\/\/chicmisscosmetics.com\/index.php\/wp-json\/wp\/v2\/media?parent=3017"}],"wp:term":[{"taxonomy":"pwb-brand","embeddable":true,"href":"https:\/\/chicmisscosmetics.com\/index.php\/wp-json\/wp\/v2\/pwb-brand?post=3017"},{"taxonomy":"product_brand","embeddable":true,"href":"https:\/\/chicmisscosmetics.com\/index.php\/wp-json\/wp\/v2\/product_brand?post=3017"},{"taxonomy":"product_cat","embeddable":true,"href":"https:\/\/chicmisscosmetics.com\/index.php\/wp-json\/wp\/v2\/product_cat?post=3017"},{"taxonomy":"product_tag","embeddable":true,"href":"https:\/\/chicmisscosmetics.com\/index.php\/wp-json\/wp\/v2\/product_tag?post=3017"}],"curies":[{"name":"wp","href":"https:\/\/api.w.org\/{rel}","templated":true}]}}