{"id":3095,"date":"2023-03-21T21:49:43","date_gmt":"2023-03-21T20:49:43","guid":{"rendered":"https:\/\/chicmisscosmetics.com\/?post_type=product&#038;p=3095"},"modified":"2024-11-17T11:25:02","modified_gmt":"2024-11-17T10:25:02","slug":"sephora-size-up-mascara-volume-extra-large-immediat","status":"publish","type":"product","link":"https:\/\/chicmisscosmetics.com\/index.php\/produit\/sephora-size-up-mascara-volume-extra-large-immediat\/","title":{"rendered":"SEPHORA &#8211; Size Up Mascara Volume Extra Large Imm\u00e9diat"},"content":{"rendered":"<p> le volume de vos cils ne sera jamais trop extr\u00eame, passez \u00e0 la taille sup\u00e9rieure ! Avec ce mascara volume, voyez les choses en grand et obtenez une frange de cils surdimensionn\u00e9e en un clin d&rsquo;oeil : +180% de volume en quelques passages(2), pour des cils \u00e9toff\u00e9s qui viennent sublimer votre maquillage des yeux, et agrandir votre regard. Passez vos cils d&rsquo;une taille L \u00e0 XXL en un instant.<\/p>\n","protected":false},"excerpt":{"rendered":"<p>le volume de vos cils ne sera jamais trop extr\u00eame, passez \u00e0 la taille sup\u00e9rieure&hellip;<\/p>\n","protected":false},"featured_media":3096,"comment_status":"open","ping_status":"closed","template":"","meta":[],"pwb-brand":[89],"product_brand":[],"product_cat":[58,55],"product_tag":[],"class_list":{"0":"post-3095","1":"product","2":"type-product","3":"status-publish","4":"has-post-thumbnail","6":"pwb-brand-sephora","7":"product_cat-mascara","8":"product_cat-yeux","10":"first","11":"instock","12":"shipping-taxable","13":"purchasable","14":"product-type-simple","15":"layout-style-2","16":"col-md-4 col-sm-4 col-xs-6","17":"col-lg-3","18":"product-has-gallery","19":"product-style-addtocart"},"brands":[{"id":89,"name":"SEPHORA","slug":"sephora"}],"_links":{"self":[{"href":"https:\/\/chicmisscosmetics.com\/index.php\/wp-json\/wp\/v2\/product\/3095","targetHints":{"allow":["GET"]}}],"collection":[{"href":"https:\/\/chicmisscosmetics.com\/index.php\/wp-json\/wp\/v2\/product"}],"about":[{"href":"https:\/\/chicmisscosmetics.com\/index.php\/wp-json\/wp\/v2\/types\/product"}],"replies":[{"embeddable":true,"href":"https:\/\/chicmisscosmetics.com\/index.php\/wp-json\/wp\/v2\/comments?post=3095"}],"wp:featuredmedia":[{"embeddable":true,"href":"https:\/\/chicmisscosmetics.com\/index.php\/wp-json\/wp\/v2\/media\/3096"}],"wp:attachment":[{"href":"https:\/\/chicmisscosmetics.com\/index.php\/wp-json\/wp\/v2\/media?parent=3095"}],"wp:term":[{"taxonomy":"pwb-brand","embeddable":true,"href":"https:\/\/chicmisscosmetics.com\/index.php\/wp-json\/wp\/v2\/pwb-brand?post=3095"},{"taxonomy":"product_brand","embeddable":true,"href":"https:\/\/chicmisscosmetics.com\/index.php\/wp-json\/wp\/v2\/product_brand?post=3095"},{"taxonomy":"product_cat","embeddable":true,"href":"https:\/\/chicmisscosmetics.com\/index.php\/wp-json\/wp\/v2\/product_cat?post=3095"},{"taxonomy":"product_tag","embeddable":true,"href":"https:\/\/chicmisscosmetics.com\/index.php\/wp-json\/wp\/v2\/product_tag?post=3095"}],"curies":[{"name":"wp","href":"https:\/\/api.w.org\/{rel}","templated":true}]}}