{"id":3176,"date":"2023-03-23T22:06:55","date_gmt":"2023-03-23T21:06:55","guid":{"rendered":"https:\/\/chicmisscosmetics.com\/?post_type=product&#038;p=3176"},"modified":"2023-03-23T22:07:10","modified_gmt":"2023-03-23T21:07:10","slug":"rcma-poudre-incolore","status":"publish","type":"product","link":"https:\/\/chicmisscosmetics.com\/index.php\/produit\/rcma-poudre-incolore\/","title":{"rendered":"RCMA  &#8211; POUDRE INCOLORE transparente"},"content":{"rendered":"<p>Une poudre l\u00e9g\u00e8re et finement broy\u00e9e pour toutes les carnations.<\/p>\n<p>La poudre No-Colour est une poudre fixatrice libre et invisible. Sa texture l\u00e9g\u00e8re fond facilement sur la peau sans effet pl\u00e2tre et sans alt\u00e9rer la couleur de votre fond de teint. Id\u00e9ale pour la p\u00e2tisserie, elle donne un fini naturel, sans effet de mati\u00e8re. Cette poudre d\u00e9velopp\u00e9e par des professionnels est indispensable pour prolonger la tenue de votre maquillage.<\/p>\n","protected":false},"excerpt":{"rendered":"<p>Une poudre l\u00e9g\u00e8re et finement broy\u00e9e pour toutes les carnations. La poudre No-Colour est une&hellip;<\/p>\n","protected":false},"featured_media":3177,"comment_status":"open","ping_status":"closed","template":"","meta":[],"pwb-brand":[],"product_brand":[],"product_cat":[51,67,61],"product_tag":[],"class_list":{"0":"post-3176","1":"product","2":"type-product","3":"status-publish","4":"has-post-thumbnail","6":"product_cat-maquillage","7":"product_cat-poudre-libre","8":"product_cat-visage","10":"first","11":"instock","12":"shipping-taxable","13":"purchasable","14":"product-type-simple","15":"layout-style-2","16":"col-md-4 col-sm-4 col-xs-6","17":"col-lg-3","18":"product-style-addtocart"},"brands":[],"_links":{"self":[{"href":"https:\/\/chicmisscosmetics.com\/index.php\/wp-json\/wp\/v2\/product\/3176","targetHints":{"allow":["GET"]}}],"collection":[{"href":"https:\/\/chicmisscosmetics.com\/index.php\/wp-json\/wp\/v2\/product"}],"about":[{"href":"https:\/\/chicmisscosmetics.com\/index.php\/wp-json\/wp\/v2\/types\/product"}],"replies":[{"embeddable":true,"href":"https:\/\/chicmisscosmetics.com\/index.php\/wp-json\/wp\/v2\/comments?post=3176"}],"wp:featuredmedia":[{"embeddable":true,"href":"https:\/\/chicmisscosmetics.com\/index.php\/wp-json\/wp\/v2\/media\/3177"}],"wp:attachment":[{"href":"https:\/\/chicmisscosmetics.com\/index.php\/wp-json\/wp\/v2\/media?parent=3176"}],"wp:term":[{"taxonomy":"pwb-brand","embeddable":true,"href":"https:\/\/chicmisscosmetics.com\/index.php\/wp-json\/wp\/v2\/pwb-brand?post=3176"},{"taxonomy":"product_brand","embeddable":true,"href":"https:\/\/chicmisscosmetics.com\/index.php\/wp-json\/wp\/v2\/product_brand?post=3176"},{"taxonomy":"product_cat","embeddable":true,"href":"https:\/\/chicmisscosmetics.com\/index.php\/wp-json\/wp\/v2\/product_cat?post=3176"},{"taxonomy":"product_tag","embeddable":true,"href":"https:\/\/chicmisscosmetics.com\/index.php\/wp-json\/wp\/v2\/product_tag?post=3176"}],"curies":[{"name":"wp","href":"https:\/\/api.w.org\/{rel}","templated":true}]}}