{"id":3202,"date":"2023-03-24T22:12:21","date_gmt":"2023-03-24T21:12:21","guid":{"rendered":"https:\/\/chicmisscosmetics.com\/?post_type=product&#038;p=3202"},"modified":"2023-03-24T22:12:28","modified_gmt":"2023-03-24T21:12:28","slug":"kiehls-creme-contour-des-yeux-a-lavocat-28ml","status":"publish","type":"product","link":"https:\/\/chicmisscosmetics.com\/index.php\/produit\/kiehls-creme-contour-des-yeux-a-lavocat-28ml\/","title":{"rendered":"KIEHL&rsquo;S &#8211; Cr\u00e8me Contour Des Yeux \u00c0 L\u2019Avocat 28ML"},"content":{"rendered":"<p>Ce soin contour des yeux riche et cr\u00e9meux \u00e0 l&rsquo;huile d&rsquo;avocat hydrate et nourrit en douceur la zone d\u00e9licate du contour des yeux. La texture unique et concentr\u00e9e fond d\u00e8s son application, cette formule cr\u00e9meuse est l&rsquo;une des pr\u00e9f\u00e9r\u00e9es de la communaut\u00e9 Kiehl&rsquo;s.<\/p>\n<p>B\u00c9N\u00c9FICES<br \/>\nHydrate et nourrit le contour sensible de l&rsquo;\u0153il<br \/>\nAtt\u00e9nue les rides et ridules li\u00e9es \u00e0 la d\u00e9shydratation de cette zone fragile<br \/>\nLa formule concentr\u00e9e unique ne migre pas dans les yeux<br \/>\nTest\u00e9e par des ophtalmologistes et des dermatologues<br \/>\nPour tous les types de peau, y compris les peaux sensibles<\/p>\n","protected":false},"excerpt":{"rendered":"<p>Ce soin contour des yeux riche et cr\u00e9meux \u00e0 l&rsquo;huile d&rsquo;avocat hydrate et nourrit en&hellip;<\/p>\n","protected":false},"featured_media":3203,"comment_status":"open","ping_status":"closed","template":"","meta":[],"pwb-brand":[136],"product_brand":[],"product_cat":[83,80,55],"product_tag":[],"class_list":{"0":"post-3202","1":"product","2":"type-product","3":"status-publish","4":"has-post-thumbnail","6":"pwb-brand-kiehls","7":"product_cat-soin-anti-imperfections","8":"product_cat-soins","9":"product_cat-yeux","11":"first","12":"instock","13":"shipping-taxable","14":"purchasable","15":"product-type-simple","16":"layout-style-2","17":"col-md-4 col-sm-4 col-xs-6","18":"col-lg-3","19":"product-has-gallery","20":"product-style-addtocart"},"brands":[{"id":136,"name":"Kiehls","slug":"kiehls"}],"_links":{"self":[{"href":"https:\/\/chicmisscosmetics.com\/index.php\/wp-json\/wp\/v2\/product\/3202","targetHints":{"allow":["GET"]}}],"collection":[{"href":"https:\/\/chicmisscosmetics.com\/index.php\/wp-json\/wp\/v2\/product"}],"about":[{"href":"https:\/\/chicmisscosmetics.com\/index.php\/wp-json\/wp\/v2\/types\/product"}],"replies":[{"embeddable":true,"href":"https:\/\/chicmisscosmetics.com\/index.php\/wp-json\/wp\/v2\/comments?post=3202"}],"wp:featuredmedia":[{"embeddable":true,"href":"https:\/\/chicmisscosmetics.com\/index.php\/wp-json\/wp\/v2\/media\/3203"}],"wp:attachment":[{"href":"https:\/\/chicmisscosmetics.com\/index.php\/wp-json\/wp\/v2\/media?parent=3202"}],"wp:term":[{"taxonomy":"pwb-brand","embeddable":true,"href":"https:\/\/chicmisscosmetics.com\/index.php\/wp-json\/wp\/v2\/pwb-brand?post=3202"},{"taxonomy":"product_brand","embeddable":true,"href":"https:\/\/chicmisscosmetics.com\/index.php\/wp-json\/wp\/v2\/product_brand?post=3202"},{"taxonomy":"product_cat","embeddable":true,"href":"https:\/\/chicmisscosmetics.com\/index.php\/wp-json\/wp\/v2\/product_cat?post=3202"},{"taxonomy":"product_tag","embeddable":true,"href":"https:\/\/chicmisscosmetics.com\/index.php\/wp-json\/wp\/v2\/product_tag?post=3202"}],"curies":[{"name":"wp","href":"https:\/\/api.w.org\/{rel}","templated":true}]}}