{"id":3323,"date":"2023-04-06T22:00:38","date_gmt":"2023-04-06T21:00:38","guid":{"rendered":"https:\/\/chicmisscosmetics.com\/?post_type=product&#038;p=3323"},"modified":"2024-11-30T13:42:19","modified_gmt":"2024-11-30T12:42:19","slug":"too-faced-born-this-way-the-natural-nudes","status":"publish","type":"product","link":"https:\/\/chicmisscosmetics.com\/index.php\/produit\/too-faced-born-this-way-the-natural-nudes\/","title":{"rendered":"TOO  FACED &#8211; Born This Way The Natural Nudes"},"content":{"rendered":"<p>Inspir\u00e9es par la superbe collection de fonds de teint Born This Way, ces 16 teintes chair modernes et riches en pigments se d\u00e9clinent en couleurs mates et flatteuses.<\/p>\n<p>Cr\u00e9\u00e9es pour rehausser les nuances du fond de teint Born This Way, ainsi qu&rsquo;en finitions m\u00e9talliques, scintillantes ou paillet\u00e9es pour un \u00e9clat si naturellement sexy que le monde entier pensera simplement que vous \u00eates naturellement radieuse (Born This Way).<\/p>\n<p>Ingr\u00e9dients cl\u00e9s :<br \/>\nEau de coco: aide \u00e0 reconstituer d\u00e9licatement la barri\u00e8re d&rsquo;hydratation de la peau sans la surhydrater.<br \/>\nRose des Alpes: aide \u00e0 \u00e9claircir l&rsquo;apparence de la peau et favorise son \u00e9lasticit\u00e9.<br \/>\nAcide hyaluronique: aide \u00e0 obtenir une apparence plus lisse et plus jeune de la peau.<\/p>\n","protected":false},"excerpt":{"rendered":"<p>Inspir\u00e9es par la superbe collection de fonds de teint Born This Way, ces 16 teintes&hellip;<\/p>\n","protected":false},"featured_media":3326,"comment_status":"open","ping_status":"closed","template":"","meta":[],"pwb-brand":[90],"product_brand":[],"product_cat":[51,56,55],"product_tag":[],"class_list":{"0":"post-3323","1":"product","2":"type-product","3":"status-publish","4":"has-post-thumbnail","6":"pwb-brand-too-faced","7":"product_cat-maquillage","8":"product_cat-palette","9":"product_cat-yeux","11":"first","12":"outofstock","13":"shipping-taxable","14":"purchasable","15":"product-type-simple","16":"layout-style-2","17":"col-md-4 col-sm-4 col-xs-6","18":"col-lg-3","19":"product-has-gallery","20":"product-style-addtocart"},"brands":[{"id":90,"name":"TOO FACED","slug":"too-faced"}],"_links":{"self":[{"href":"https:\/\/chicmisscosmetics.com\/index.php\/wp-json\/wp\/v2\/product\/3323","targetHints":{"allow":["GET"]}}],"collection":[{"href":"https:\/\/chicmisscosmetics.com\/index.php\/wp-json\/wp\/v2\/product"}],"about":[{"href":"https:\/\/chicmisscosmetics.com\/index.php\/wp-json\/wp\/v2\/types\/product"}],"replies":[{"embeddable":true,"href":"https:\/\/chicmisscosmetics.com\/index.php\/wp-json\/wp\/v2\/comments?post=3323"}],"wp:featuredmedia":[{"embeddable":true,"href":"https:\/\/chicmisscosmetics.com\/index.php\/wp-json\/wp\/v2\/media\/3326"}],"wp:attachment":[{"href":"https:\/\/chicmisscosmetics.com\/index.php\/wp-json\/wp\/v2\/media?parent=3323"}],"wp:term":[{"taxonomy":"pwb-brand","embeddable":true,"href":"https:\/\/chicmisscosmetics.com\/index.php\/wp-json\/wp\/v2\/pwb-brand?post=3323"},{"taxonomy":"product_brand","embeddable":true,"href":"https:\/\/chicmisscosmetics.com\/index.php\/wp-json\/wp\/v2\/product_brand?post=3323"},{"taxonomy":"product_cat","embeddable":true,"href":"https:\/\/chicmisscosmetics.com\/index.php\/wp-json\/wp\/v2\/product_cat?post=3323"},{"taxonomy":"product_tag","embeddable":true,"href":"https:\/\/chicmisscosmetics.com\/index.php\/wp-json\/wp\/v2\/product_tag?post=3323"}],"curies":[{"name":"wp","href":"https:\/\/api.w.org\/{rel}","templated":true}]}}