{"id":3329,"date":"2023-04-06T22:13:34","date_gmt":"2023-04-06T21:13:34","guid":{"rendered":"https:\/\/chicmisscosmetics.com\/?post_type=product&#038;p=3329"},"modified":"2023-04-06T22:13:34","modified_gmt":"2023-04-06T21:13:34","slug":"givenchy-linterdit-eau-de-parfum-80ml","status":"publish","type":"product","link":"https:\/\/chicmisscosmetics.com\/index.php\/produit\/givenchy-linterdit-eau-de-parfum-80ml\/","title":{"rendered":"GIVENCHY &#8211; L&rsquo;Interdit Eau De Parfum 80ML"},"content":{"rendered":"<p>D\u00e9passez les conventions et d\u00e9couvrez L\u2019Interdit Eau de Parfum pour femme. Cette fragrance intr\u00e9pide affirme l\u2019audace comme cl\u00e9 de la libert\u00e9. Rien ni personne ne pourra vous arr\u00eater.<\/p>\n<p>Ce parfum pour femme aux notes de fleurs blanches est rehauss\u00e9 d&rsquo;un accord sombre pour cr\u00e9er la premi\u00e8re Fleur underground. Les notes sensuelles de fleur d\u2019orange, de jasmin et de tub\u00e9reuse se m\u00ealent \u00e0 une alliance t\u00e9n\u00e9breuse et \u00e9nigmatique de v\u00e9tiver et patchouli. L\u2019Interdit Eau de Parfum de Givenchy, addictive, affirme avec audace son \u00e9l\u00e9gance.<\/p>\n<p>Le flacon impertinent est une affirmation de la libert\u00e9. \u00c0 la fois \u00e9minemment simple, profond\u00e9ment f\u00e9minin et r\u00e9solument moderne, il revisite dans une version contemporaine le premier parfum pour femme cr\u00e9\u00e9 par Hubert de Givenchy en 1957.<\/p>\n<p>L\u2019Interdit, hommage \u00e0 une f\u00e9minit\u00e9 audacieuse. Une invitation \u00e0 repousser vos limites et \u00e0 explorer le frisson de l\u2019interdit.<\/p>\n","protected":false},"excerpt":{"rendered":"<p>D\u00e9passez les conventions et d\u00e9couvrez L\u2019Interdit Eau de Parfum pour femme. Cette fragrance intr\u00e9pide affirme&hellip;<\/p>\n","protected":false},"featured_media":3331,"comment_status":"open","ping_status":"closed","template":"","meta":[],"pwb-brand":[],"product_brand":[],"product_cat":[86],"product_tag":[],"class_list":{"0":"post-3329","1":"product","2":"type-product","3":"status-publish","4":"has-post-thumbnail","6":"product_cat-parfums","8":"first","9":"instock","10":"shipping-taxable","11":"purchasable","12":"product-type-simple","13":"layout-style-2","14":"col-md-4 col-sm-4 col-xs-6","15":"col-lg-3","16":"product-has-gallery","17":"product-style-addtocart"},"brands":[],"_links":{"self":[{"href":"https:\/\/chicmisscosmetics.com\/index.php\/wp-json\/wp\/v2\/product\/3329","targetHints":{"allow":["GET"]}}],"collection":[{"href":"https:\/\/chicmisscosmetics.com\/index.php\/wp-json\/wp\/v2\/product"}],"about":[{"href":"https:\/\/chicmisscosmetics.com\/index.php\/wp-json\/wp\/v2\/types\/product"}],"replies":[{"embeddable":true,"href":"https:\/\/chicmisscosmetics.com\/index.php\/wp-json\/wp\/v2\/comments?post=3329"}],"wp:featuredmedia":[{"embeddable":true,"href":"https:\/\/chicmisscosmetics.com\/index.php\/wp-json\/wp\/v2\/media\/3331"}],"wp:attachment":[{"href":"https:\/\/chicmisscosmetics.com\/index.php\/wp-json\/wp\/v2\/media?parent=3329"}],"wp:term":[{"taxonomy":"pwb-brand","embeddable":true,"href":"https:\/\/chicmisscosmetics.com\/index.php\/wp-json\/wp\/v2\/pwb-brand?post=3329"},{"taxonomy":"product_brand","embeddable":true,"href":"https:\/\/chicmisscosmetics.com\/index.php\/wp-json\/wp\/v2\/product_brand?post=3329"},{"taxonomy":"product_cat","embeddable":true,"href":"https:\/\/chicmisscosmetics.com\/index.php\/wp-json\/wp\/v2\/product_cat?post=3329"},{"taxonomy":"product_tag","embeddable":true,"href":"https:\/\/chicmisscosmetics.com\/index.php\/wp-json\/wp\/v2\/product_tag?post=3329"}],"curies":[{"name":"wp","href":"https:\/\/api.w.org\/{rel}","templated":true}]}}