{"id":3338,"date":"2023-04-09T22:37:01","date_gmt":"2023-04-09T21:37:01","guid":{"rendered":"https:\/\/chicmisscosmetics.com\/?post_type=product&#038;p=3338"},"modified":"2026-01-07T14:43:53","modified_gmt":"2026-01-07T13:43:53","slug":"inglot-playinn-savon-sourcils-soap-brow","status":"publish","type":"product","link":"https:\/\/chicmisscosmetics.com\/index.php\/produit\/inglot-playinn-savon-sourcils-soap-brow\/","title":{"rendered":"INGLOT PLAYINN Savon sourcils Soap Brow"},"content":{"rendered":"<p>Mise en forme professionnelle des sourcils? Ou effet sourcils lamin\u00e9s? Les deux effets sont \u00e0 port\u00e9e de main! Le savon transparent Soap Brow permet m\u00eame de discipliner les poils les plus rebelles. Sa formule gel extra forte permet de modeler les sourcils de leur donner la forme souhait\u00e9e avec une tenue toute la journ\u00e9e sans besoin de retouche. L\u2019application est facile, rapide et est d\u2019autant plus agr\u00e9able avec son parfum rafra\u00eechissant. Souligne la couleur naturelle des sourcils, ou applique le savon avec ton produit pr\u00e9f\u00e9r\u00e9 comme le contour des sourcils en gel ou un fard. Conf\u00e8re \u00e0 tes sourcils un look plus expressif et rends-les plus denses!<br \/>\nSa consistance permet une application facile et rapide directement sur les sourcils, sans avoir besoin d\u2019utiliser de l\u2019eau. Le produit est tr\u00e8s efficient, une petite quantit\u00e9 suffit \u00e0 obtenir l\u2019effet souhait\u00e9.<\/p>\n","protected":false},"excerpt":{"rendered":"<p>Mise en forme professionnelle des sourcils? Ou effet sourcils lamin\u00e9s? Les deux effets sont \u00e0&hellip;<\/p>\n","protected":false},"featured_media":3339,"comment_status":"open","ping_status":"closed","template":"","meta":[],"pwb-brand":[128],"product_brand":[],"product_cat":[71,51,69],"product_tag":[],"class_list":{"0":"post-3338","1":"product","2":"type-product","3":"status-publish","4":"has-post-thumbnail","6":"pwb-brand-inglot","7":"product_cat-gel-mascara-sourcils","8":"product_cat-maquillage","9":"product_cat-sourcils","11":"first","12":"outofstock","13":"shipping-taxable","14":"purchasable","15":"product-type-simple","16":"layout-style-2","17":"col-md-4 col-sm-4 col-xs-6","18":"col-lg-3","19":"product-has-gallery","20":"product-style-addtocart"},"brands":[{"id":128,"name":"Inglot","slug":"inglot"}],"_links":{"self":[{"href":"https:\/\/chicmisscosmetics.com\/index.php\/wp-json\/wp\/v2\/product\/3338","targetHints":{"allow":["GET"]}}],"collection":[{"href":"https:\/\/chicmisscosmetics.com\/index.php\/wp-json\/wp\/v2\/product"}],"about":[{"href":"https:\/\/chicmisscosmetics.com\/index.php\/wp-json\/wp\/v2\/types\/product"}],"replies":[{"embeddable":true,"href":"https:\/\/chicmisscosmetics.com\/index.php\/wp-json\/wp\/v2\/comments?post=3338"}],"wp:featuredmedia":[{"embeddable":true,"href":"https:\/\/chicmisscosmetics.com\/index.php\/wp-json\/wp\/v2\/media\/3339"}],"wp:attachment":[{"href":"https:\/\/chicmisscosmetics.com\/index.php\/wp-json\/wp\/v2\/media?parent=3338"}],"wp:term":[{"taxonomy":"pwb-brand","embeddable":true,"href":"https:\/\/chicmisscosmetics.com\/index.php\/wp-json\/wp\/v2\/pwb-brand?post=3338"},{"taxonomy":"product_brand","embeddable":true,"href":"https:\/\/chicmisscosmetics.com\/index.php\/wp-json\/wp\/v2\/product_brand?post=3338"},{"taxonomy":"product_cat","embeddable":true,"href":"https:\/\/chicmisscosmetics.com\/index.php\/wp-json\/wp\/v2\/product_cat?post=3338"},{"taxonomy":"product_tag","embeddable":true,"href":"https:\/\/chicmisscosmetics.com\/index.php\/wp-json\/wp\/v2\/product_tag?post=3338"}],"curies":[{"name":"wp","href":"https:\/\/api.w.org\/{rel}","templated":true}]}}