{"id":3342,"date":"2023-04-09T22:59:03","date_gmt":"2023-04-09T21:59:03","guid":{"rendered":"https:\/\/chicmisscosmetics.com\/?post_type=product&#038;p=3342"},"modified":"2023-04-09T22:59:04","modified_gmt":"2023-04-09T21:59:04","slug":"fenty-beauty-pro-filtr-soft-matte-longwear-foundation-fond-de-teint-longue-tenue","status":"publish","type":"product","link":"https:\/\/chicmisscosmetics.com\/index.php\/produit\/fenty-beauty-pro-filtr-soft-matte-longwear-foundation-fond-de-teint-longue-tenue\/","title":{"rendered":"FENTY BEAUTY &#8211; Pro Filt&rsquo;r Soft Matte Longwear Foundation Fond De Teint Longue Tenue"},"content":{"rendered":"<p>OTRE FOND DE TEINT PEAU PARFAITE DE JOUR COMME DE NUIT.<\/p>\n<p>Un fond de teint doux et mat longue tenue qui dispose d\u2019une technologie climato-adaptative pour r\u00e9sister \u00e0 la chaleur et \u00e0 la transpiration tout en combattant la brillance. Gardez un teint frais matin et soir avec cette formule modulable \u00e0 couvrance moyenne .<\/p>\n","protected":false},"excerpt":{"rendered":"<p>OTRE FOND DE TEINT PEAU PARFAITE DE JOUR COMME DE NUIT. Un fond de teint&hellip;<\/p>\n","protected":false},"featured_media":3343,"comment_status":"open","ping_status":"closed","template":"","meta":[],"pwb-brand":[117],"product_brand":[],"product_cat":[62,51,61],"product_tag":[],"class_list":{"0":"post-3342","1":"product","2":"type-product","3":"status-publish","4":"has-post-thumbnail","6":"pwb-brand-fenty-beauty","7":"product_cat-fond-de-teint","8":"product_cat-maquillage","9":"product_cat-visage","11":"first","12":"instock","13":"shipping-taxable","14":"purchasable","15":"product-type-variable","16":"layout-style-2","17":"col-md-4 col-sm-4 col-xs-6","18":"col-lg-3","19":"product-has-gallery","20":"product-style-addtocart"},"brands":[{"id":117,"name":"Fenty beauty","slug":"fenty-beauty"}],"_links":{"self":[{"href":"https:\/\/chicmisscosmetics.com\/index.php\/wp-json\/wp\/v2\/product\/3342","targetHints":{"allow":["GET"]}}],"collection":[{"href":"https:\/\/chicmisscosmetics.com\/index.php\/wp-json\/wp\/v2\/product"}],"about":[{"href":"https:\/\/chicmisscosmetics.com\/index.php\/wp-json\/wp\/v2\/types\/product"}],"replies":[{"embeddable":true,"href":"https:\/\/chicmisscosmetics.com\/index.php\/wp-json\/wp\/v2\/comments?post=3342"}],"wp:featuredmedia":[{"embeddable":true,"href":"https:\/\/chicmisscosmetics.com\/index.php\/wp-json\/wp\/v2\/media\/3343"}],"wp:attachment":[{"href":"https:\/\/chicmisscosmetics.com\/index.php\/wp-json\/wp\/v2\/media?parent=3342"}],"wp:term":[{"taxonomy":"pwb-brand","embeddable":true,"href":"https:\/\/chicmisscosmetics.com\/index.php\/wp-json\/wp\/v2\/pwb-brand?post=3342"},{"taxonomy":"product_brand","embeddable":true,"href":"https:\/\/chicmisscosmetics.com\/index.php\/wp-json\/wp\/v2\/product_brand?post=3342"},{"taxonomy":"product_cat","embeddable":true,"href":"https:\/\/chicmisscosmetics.com\/index.php\/wp-json\/wp\/v2\/product_cat?post=3342"},{"taxonomy":"product_tag","embeddable":true,"href":"https:\/\/chicmisscosmetics.com\/index.php\/wp-json\/wp\/v2\/product_tag?post=3342"}],"curies":[{"name":"wp","href":"https:\/\/api.w.org\/{rel}","templated":true}]}}