{"id":3359,"date":"2023-04-12T20:46:51","date_gmt":"2023-04-12T19:46:51","guid":{"rendered":"https:\/\/chicmisscosmetics.com\/?post_type=product&#038;p=3359"},"modified":"2023-04-12T20:46:51","modified_gmt":"2023-04-12T19:46:51","slug":"elie-saab-le-parfum-royal-eau-de-parfum-90ml","status":"publish","type":"product","link":"https:\/\/chicmisscosmetics.com\/index.php\/produit\/elie-saab-le-parfum-royal-eau-de-parfum-90ml\/","title":{"rendered":"ELIE SAAB &#8211; Le Parfum Royal Eau De Parfum 90Ml"},"content":{"rendered":"<p>Comme une robe haute couture, les parfums Elie Saab ornent la forme f\u00e9minine, avec une sensualit\u00e9 rayonnante. Audacieux, puissant et ultra-f\u00e9minin, ELIE SAAB Le Parfum Royal est le nouveau parfum de la royaut\u00e9. Un parfum ambr\u00e9, floral et chypr\u00e9, digne d&rsquo;une reine des temps modernes. S&rsquo;ouvrant sur un myst\u00e9rieux Accord Radieux, entrelac\u00e9 avec la note vivifiante de la Mandarine, le parfum \u00e9l\u00e8ve les sens, captant l&rsquo;attention de la pi\u00e8ce. Plongeant dans le c\u0153ur, le corps se pare d&rsquo;un bouquet floral tandis que les d\u00e9licates tonalit\u00e9s de Rose et de N\u00e9roli se m\u00ealent pour envelopper la peau d&rsquo;un accord aromatique, vous armant d&rsquo;un parfum puissant pour commencer la journ\u00e9e sans crainte. Enfin, les notes de fond bois\u00e9es prennent le contr\u00f4le, voilant le corps d&rsquo;une tra\u00een\u00e9e royale, douce-am\u00e8re et majestueuse.<\/p>\n<p>Magnifique m\u00e9lange de notes sophistiqu\u00e9es, cette fragrance m\u00e9lange sans faille des accords doux, fruit\u00e9s et floraux, qui se fondent pour cr\u00e9er un parfum totalement unique. Magnifique, royal et moderne, le parfum r\u00e9imagine la f\u00e9minit\u00e9 traditionnelle avec une puissance nouvelle. Il est pr\u00e9sent\u00e9 dans un flacon en verre transparent, \u00e0 la fois imposant et \u00e9l\u00e9gant, orn\u00e9 de d\u00e9tails complexes et d&rsquo;une marque caract\u00e9ristique.<\/p>\n","protected":false},"excerpt":{"rendered":"<p>Comme une robe haute couture, les parfums Elie Saab ornent la forme f\u00e9minine, avec une&hellip;<\/p>\n","protected":false},"featured_media":3360,"comment_status":"open","ping_status":"closed","template":"","meta":[],"pwb-brand":[211],"product_brand":[],"product_cat":[86],"product_tag":[],"class_list":{"0":"post-3359","1":"product","2":"type-product","3":"status-publish","4":"has-post-thumbnail","6":"pwb-brand-elie-saab","7":"product_cat-parfums","9":"first","10":"instock","11":"shipping-taxable","12":"purchasable","13":"product-type-simple","14":"layout-style-2","15":"col-md-4 col-sm-4 col-xs-6","16":"col-lg-3","17":"product-has-gallery","18":"product-style-addtocart"},"brands":[{"id":211,"name":"ELIE SAAB","slug":"elie-saab"}],"_links":{"self":[{"href":"https:\/\/chicmisscosmetics.com\/index.php\/wp-json\/wp\/v2\/product\/3359","targetHints":{"allow":["GET"]}}],"collection":[{"href":"https:\/\/chicmisscosmetics.com\/index.php\/wp-json\/wp\/v2\/product"}],"about":[{"href":"https:\/\/chicmisscosmetics.com\/index.php\/wp-json\/wp\/v2\/types\/product"}],"replies":[{"embeddable":true,"href":"https:\/\/chicmisscosmetics.com\/index.php\/wp-json\/wp\/v2\/comments?post=3359"}],"wp:featuredmedia":[{"embeddable":true,"href":"https:\/\/chicmisscosmetics.com\/index.php\/wp-json\/wp\/v2\/media\/3360"}],"wp:attachment":[{"href":"https:\/\/chicmisscosmetics.com\/index.php\/wp-json\/wp\/v2\/media?parent=3359"}],"wp:term":[{"taxonomy":"pwb-brand","embeddable":true,"href":"https:\/\/chicmisscosmetics.com\/index.php\/wp-json\/wp\/v2\/pwb-brand?post=3359"},{"taxonomy":"product_brand","embeddable":true,"href":"https:\/\/chicmisscosmetics.com\/index.php\/wp-json\/wp\/v2\/product_brand?post=3359"},{"taxonomy":"product_cat","embeddable":true,"href":"https:\/\/chicmisscosmetics.com\/index.php\/wp-json\/wp\/v2\/product_cat?post=3359"},{"taxonomy":"product_tag","embeddable":true,"href":"https:\/\/chicmisscosmetics.com\/index.php\/wp-json\/wp\/v2\/product_tag?post=3359"}],"curies":[{"name":"wp","href":"https:\/\/api.w.org\/{rel}","templated":true}]}}