{"id":3389,"date":"2023-04-12T22:21:06","date_gmt":"2023-04-12T21:21:06","guid":{"rendered":"https:\/\/chicmisscosmetics.com\/?post_type=product&#038;p=3389"},"modified":"2023-04-12T23:23:22","modified_gmt":"2023-04-12T22:23:22","slug":"cerave-creme-reparatrice-contour-yeux-14-ml","status":"publish","type":"product","link":"https:\/\/chicmisscosmetics.com\/index.php\/produit\/cerave-creme-reparatrice-contour-yeux-14-ml\/","title":{"rendered":"CeraVe Cr\u00e8me R\u00e9paratrice Contour Yeux 14 ml"},"content":{"rendered":"<p>CeraVe Cr\u00e8me R\u00e9paratrice Contour Yeux 14 ml d\u00e9velopp\u00e9e par des dermatologues, est une cr\u00e8me r\u00e9paratrice pour le contour des yeux.<\/p>\n<p>Sa formule contient 3 c\u00e9ramides essentiels dont la peau saine a besoin pour aider \u00e0 renouveler et conserver sa barri\u00e8re protectrice naturelle, et de l&rsquo;acide hyaluronique.<\/p>\n<p>Les cernes et les poches sont nettement moins visibles.<\/p>\n<p>Sans parfum, non com\u00e9dog\u00e8ne.<\/p>\n","protected":false},"excerpt":{"rendered":"<p>CeraVe Cr\u00e8me R\u00e9paratrice Contour Yeux 14 ml d\u00e9velopp\u00e9e par des dermatologues, est une cr\u00e8me r\u00e9paratrice&hellip;<\/p>\n","protected":false},"featured_media":3408,"comment_status":"open","ping_status":"closed","template":"","meta":[],"pwb-brand":[],"product_brand":[],"product_cat":[82,80],"product_tag":[],"class_list":{"0":"post-3389","1":"product","2":"type-product","3":"status-publish","4":"has-post-thumbnail","6":"product_cat-soin-hydratant-nourrissant","7":"product_cat-soins","9":"first","10":"instock","11":"shipping-taxable","12":"purchasable","13":"product-type-simple","14":"layout-style-2","15":"col-md-4 col-sm-4 col-xs-6","16":"col-lg-3","17":"product-has-gallery","18":"product-style-addtocart"},"brands":[],"_links":{"self":[{"href":"https:\/\/chicmisscosmetics.com\/index.php\/wp-json\/wp\/v2\/product\/3389","targetHints":{"allow":["GET"]}}],"collection":[{"href":"https:\/\/chicmisscosmetics.com\/index.php\/wp-json\/wp\/v2\/product"}],"about":[{"href":"https:\/\/chicmisscosmetics.com\/index.php\/wp-json\/wp\/v2\/types\/product"}],"replies":[{"embeddable":true,"href":"https:\/\/chicmisscosmetics.com\/index.php\/wp-json\/wp\/v2\/comments?post=3389"}],"wp:featuredmedia":[{"embeddable":true,"href":"https:\/\/chicmisscosmetics.com\/index.php\/wp-json\/wp\/v2\/media\/3408"}],"wp:attachment":[{"href":"https:\/\/chicmisscosmetics.com\/index.php\/wp-json\/wp\/v2\/media?parent=3389"}],"wp:term":[{"taxonomy":"pwb-brand","embeddable":true,"href":"https:\/\/chicmisscosmetics.com\/index.php\/wp-json\/wp\/v2\/pwb-brand?post=3389"},{"taxonomy":"product_brand","embeddable":true,"href":"https:\/\/chicmisscosmetics.com\/index.php\/wp-json\/wp\/v2\/product_brand?post=3389"},{"taxonomy":"product_cat","embeddable":true,"href":"https:\/\/chicmisscosmetics.com\/index.php\/wp-json\/wp\/v2\/product_cat?post=3389"},{"taxonomy":"product_tag","embeddable":true,"href":"https:\/\/chicmisscosmetics.com\/index.php\/wp-json\/wp\/v2\/product_tag?post=3389"}],"curies":[{"name":"wp","href":"https:\/\/api.w.org\/{rel}","templated":true}]}}