{"id":3394,"date":"2023-04-12T22:55:18","date_gmt":"2023-04-12T21:55:18","guid":{"rendered":"https:\/\/chicmisscosmetics.com\/?post_type=product&#038;p=3394"},"modified":"2026-02-02T18:11:32","modified_gmt":"2026-02-02T17:11:32","slug":"bperfect-x-stacey-marie-carnival-iii-love-tahiti-palette","status":"publish","type":"product","link":"https:\/\/chicmisscosmetics.com\/index.php\/produit\/bperfect-x-stacey-marie-carnival-iii-love-tahiti-palette\/","title":{"rendered":"BPerfect x Stacey Marie &#8211; Carnival III Love Tahiti Palette"},"content":{"rendered":"<p>Laissez libre cours \u00e0 votre cr\u00e9ativit\u00e9 avec la NOUVELLE palette Carnival III Love Tahiti.<\/p>\n<p>Le carnaval vient de s&rsquo;am\u00e9liorer\u2026 Avec 40 teintes enti\u00e8rement NOUVELLES, la palette Love Tahiti est parfaite pour les maquilleurs et les accros de la couleur !<\/p>\n","protected":false},"excerpt":{"rendered":"<p>Laissez libre cours \u00e0 votre cr\u00e9ativit\u00e9 avec la NOUVELLE palette Carnival III Love Tahiti. Le&hellip;<\/p>\n","protected":false},"featured_media":3395,"comment_status":"open","ping_status":"closed","template":"","meta":[],"pwb-brand":[155],"product_brand":[],"product_cat":[51,56,55],"product_tag":[],"class_list":{"0":"post-3394","1":"product","2":"type-product","3":"status-publish","4":"has-post-thumbnail","6":"pwb-brand-bperfect","7":"product_cat-maquillage","8":"product_cat-palette","9":"product_cat-yeux","11":"first","12":"outofstock","13":"shipping-taxable","14":"purchasable","15":"product-type-simple","16":"layout-style-2","17":"col-md-4 col-sm-4 col-xs-6","18":"col-lg-3","19":"product-has-gallery","20":"product-style-addtocart"},"brands":[{"id":155,"name":"Bperfect","slug":"bperfect"}],"_links":{"self":[{"href":"https:\/\/chicmisscosmetics.com\/index.php\/wp-json\/wp\/v2\/product\/3394","targetHints":{"allow":["GET"]}}],"collection":[{"href":"https:\/\/chicmisscosmetics.com\/index.php\/wp-json\/wp\/v2\/product"}],"about":[{"href":"https:\/\/chicmisscosmetics.com\/index.php\/wp-json\/wp\/v2\/types\/product"}],"replies":[{"embeddable":true,"href":"https:\/\/chicmisscosmetics.com\/index.php\/wp-json\/wp\/v2\/comments?post=3394"}],"wp:featuredmedia":[{"embeddable":true,"href":"https:\/\/chicmisscosmetics.com\/index.php\/wp-json\/wp\/v2\/media\/3395"}],"wp:attachment":[{"href":"https:\/\/chicmisscosmetics.com\/index.php\/wp-json\/wp\/v2\/media?parent=3394"}],"wp:term":[{"taxonomy":"pwb-brand","embeddable":true,"href":"https:\/\/chicmisscosmetics.com\/index.php\/wp-json\/wp\/v2\/pwb-brand?post=3394"},{"taxonomy":"product_brand","embeddable":true,"href":"https:\/\/chicmisscosmetics.com\/index.php\/wp-json\/wp\/v2\/product_brand?post=3394"},{"taxonomy":"product_cat","embeddable":true,"href":"https:\/\/chicmisscosmetics.com\/index.php\/wp-json\/wp\/v2\/product_cat?post=3394"},{"taxonomy":"product_tag","embeddable":true,"href":"https:\/\/chicmisscosmetics.com\/index.php\/wp-json\/wp\/v2\/product_tag?post=3394"}],"curies":[{"name":"wp","href":"https:\/\/api.w.org\/{rel}","templated":true}]}}