{"id":3433,"date":"2023-04-21T22:32:17","date_gmt":"2023-04-21T21:32:17","guid":{"rendered":"https:\/\/chicmisscosmetics.com\/?post_type=product&#038;p=3433"},"modified":"2023-04-21T22:32:17","modified_gmt":"2023-04-21T21:32:17","slug":"carolina-herrera-good-girl-eau-de-parfum-80ml","status":"publish","type":"product","link":"https:\/\/chicmisscosmetics.com\/index.php\/produit\/carolina-herrera-good-girl-eau-de-parfum-80ml\/","title":{"rendered":"CAROLINA HERRERA &#8211; Good Girl Eau De Parfum 80ML"},"content":{"rendered":"<p>Tous les regards se tournent vers la femme Good Girl.<\/p>\n<p>Dot\u00e9e d&rsquo;un m\u00e9lange audacieux d&rsquo;\u00e9l\u00e9ments clairs et sombres, symbolisant une femme de contraste, l&rsquo;eau de parfum Good Girl de Carolina Herrera est un parfum audacieux, mais sophistiqu\u00e9, inspir\u00e9 de la vision unique de la femme moderne de sa cr\u00e9atrice.<\/p>\n<p>Les notes douces et s\u00e9duisantes du jasmin conf\u00e8rent au parfum pour femme Good Girl une f\u00e9minit\u00e9 \u00e9clatante.<\/p>\n<p>Le cacao richement parfum\u00e9 et la tonka enivrante renferment le c\u00f4t\u00e9 myst\u00e9rieux de Good Girl, tandis que l&rsquo;amande et le caf\u00e9 apportent des notes dynamiques, mettant en valeur l&rsquo;audace de ce parfum pour femme moderne.<\/p>\n","protected":false},"excerpt":{"rendered":"<p>Tous les regards se tournent vers la femme Good Girl. Dot\u00e9e d&rsquo;un m\u00e9lange audacieux d&rsquo;\u00e9l\u00e9ments&hellip;<\/p>\n","protected":false},"featured_media":3434,"comment_status":"open","ping_status":"closed","template":"","meta":[],"pwb-brand":[226],"product_brand":[],"product_cat":[86,221],"product_tag":[],"class_list":{"0":"post-3433","1":"product","2":"type-product","3":"status-publish","4":"has-post-thumbnail","6":"pwb-brand-carolina-herrera","7":"product_cat-parfums","8":"product_cat-parfums-femme","10":"first","11":"instock","12":"shipping-taxable","13":"purchasable","14":"product-type-simple","15":"layout-style-2","16":"col-md-4 col-sm-4 col-xs-6","17":"col-lg-3","18":"product-has-gallery","19":"product-style-addtocart"},"brands":[{"id":226,"name":"CAROLINA HERRERA","slug":"carolina-herrera"}],"_links":{"self":[{"href":"https:\/\/chicmisscosmetics.com\/index.php\/wp-json\/wp\/v2\/product\/3433","targetHints":{"allow":["GET"]}}],"collection":[{"href":"https:\/\/chicmisscosmetics.com\/index.php\/wp-json\/wp\/v2\/product"}],"about":[{"href":"https:\/\/chicmisscosmetics.com\/index.php\/wp-json\/wp\/v2\/types\/product"}],"replies":[{"embeddable":true,"href":"https:\/\/chicmisscosmetics.com\/index.php\/wp-json\/wp\/v2\/comments?post=3433"}],"wp:featuredmedia":[{"embeddable":true,"href":"https:\/\/chicmisscosmetics.com\/index.php\/wp-json\/wp\/v2\/media\/3434"}],"wp:attachment":[{"href":"https:\/\/chicmisscosmetics.com\/index.php\/wp-json\/wp\/v2\/media?parent=3433"}],"wp:term":[{"taxonomy":"pwb-brand","embeddable":true,"href":"https:\/\/chicmisscosmetics.com\/index.php\/wp-json\/wp\/v2\/pwb-brand?post=3433"},{"taxonomy":"product_brand","embeddable":true,"href":"https:\/\/chicmisscosmetics.com\/index.php\/wp-json\/wp\/v2\/product_brand?post=3433"},{"taxonomy":"product_cat","embeddable":true,"href":"https:\/\/chicmisscosmetics.com\/index.php\/wp-json\/wp\/v2\/product_cat?post=3433"},{"taxonomy":"product_tag","embeddable":true,"href":"https:\/\/chicmisscosmetics.com\/index.php\/wp-json\/wp\/v2\/product_tag?post=3433"}],"curies":[{"name":"wp","href":"https:\/\/api.w.org\/{rel}","templated":true}]}}