{"id":3445,"date":"2023-04-21T23:01:25","date_gmt":"2023-04-21T22:01:25","guid":{"rendered":"https:\/\/chicmisscosmetics.com\/?post_type=product&#038;p=3445"},"modified":"2023-04-21T23:05:12","modified_gmt":"2023-04-21T22:05:12","slug":"luxeol-spray-antichute-100ml","status":"publish","type":"product","link":"https:\/\/chicmisscosmetics.com\/index.php\/produit\/luxeol-spray-antichute-100ml\/","title":{"rendered":"Luxeol Spray Antichute 100ml"},"content":{"rendered":"<p>Description<br \/>\nLux\u00e9ol Spray Antichute 100ml est un soin capillaire con\u00e7u pour diminuer la chute de cheveux, renforcer la fibre capillaire, et redonner force et souplesse \u00e0 la chevelure.<\/p>\n<p>Sa formule riche en extraits de pousse de pois et de chou marin divise par 2 la chute des cheveux, et permet de rendre les cheveux plus forts, moins cassants, plus denses et plus sains.<\/p>\n<p>Produit r\u00e9serv\u00e9 \u00e0 l\u2019adulte.<\/p>\n<p>Cliniquement prouv\u00e9.<\/p>\n<p>Fabriqu\u00e9 en France.<\/p>\n<p>Mode d&#8217;emploi:<\/p>\n<p>Pulv\u00e9riser 2 fois par jour sur le cuir chevelu en insistant sur les zones concern\u00e9es.<\/p>\n<p>Masser d\u00e9licatement puis coiffer normalement.<\/p>\n<p>Ne pas rincer.<\/p>\n<p>Usage externe seulement. \u00c9viter le contact avec les yeux. En cas de contact avec les yeux, rincer abondamment \u00e0 l\u2019eau claire. Conserver hors de port\u00e9e des enfants. Ne pas utiliser chez la femme enceinte ou allaitante. \u00c0 conserver \u00e0 l\u2019abri de la chaleur.<\/p>\n","protected":false},"excerpt":{"rendered":"<p>Description Lux\u00e9ol Spray Antichute 100ml est un soin capillaire con\u00e7u pour diminuer la chute de&hellip;<\/p>\n","protected":false},"featured_media":3451,"comment_status":"open","ping_status":"closed","template":"","meta":[],"pwb-brand":[157],"product_brand":[],"product_cat":[168,170],"product_tag":[],"class_list":{"0":"post-3445","1":"product","2":"type-product","3":"status-publish","4":"has-post-thumbnail","6":"pwb-brand-luxeol","7":"product_cat-cheuveux","8":"product_cat-soins-capilaire","10":"first","11":"instock","12":"shipping-taxable","13":"purchasable","14":"product-type-simple","15":"layout-style-2","16":"col-md-4 col-sm-4 col-xs-6","17":"col-lg-3","18":"product-has-gallery","19":"product-style-addtocart"},"brands":[{"id":157,"name":"Luxeol","slug":"luxeol"}],"_links":{"self":[{"href":"https:\/\/chicmisscosmetics.com\/index.php\/wp-json\/wp\/v2\/product\/3445","targetHints":{"allow":["GET"]}}],"collection":[{"href":"https:\/\/chicmisscosmetics.com\/index.php\/wp-json\/wp\/v2\/product"}],"about":[{"href":"https:\/\/chicmisscosmetics.com\/index.php\/wp-json\/wp\/v2\/types\/product"}],"replies":[{"embeddable":true,"href":"https:\/\/chicmisscosmetics.com\/index.php\/wp-json\/wp\/v2\/comments?post=3445"}],"wp:featuredmedia":[{"embeddable":true,"href":"https:\/\/chicmisscosmetics.com\/index.php\/wp-json\/wp\/v2\/media\/3451"}],"wp:attachment":[{"href":"https:\/\/chicmisscosmetics.com\/index.php\/wp-json\/wp\/v2\/media?parent=3445"}],"wp:term":[{"taxonomy":"pwb-brand","embeddable":true,"href":"https:\/\/chicmisscosmetics.com\/index.php\/wp-json\/wp\/v2\/pwb-brand?post=3445"},{"taxonomy":"product_brand","embeddable":true,"href":"https:\/\/chicmisscosmetics.com\/index.php\/wp-json\/wp\/v2\/product_brand?post=3445"},{"taxonomy":"product_cat","embeddable":true,"href":"https:\/\/chicmisscosmetics.com\/index.php\/wp-json\/wp\/v2\/product_cat?post=3445"},{"taxonomy":"product_tag","embeddable":true,"href":"https:\/\/chicmisscosmetics.com\/index.php\/wp-json\/wp\/v2\/product_tag?post=3445"}],"curies":[{"name":"wp","href":"https:\/\/api.w.org\/{rel}","templated":true}]}}