{"id":3632,"date":"2024-11-19T16:48:18","date_gmt":"2024-11-19T15:48:18","guid":{"rendered":"https:\/\/chicmisscosmetics.com\/?post_type=product&#038;p=3632"},"modified":"2024-11-19T16:48:18","modified_gmt":"2024-11-19T15:48:18","slug":"cosrx-advanced-snail-92-all-in-one-cream-100-g","status":"publish","type":"product","link":"https:\/\/chicmisscosmetics.com\/index.php\/produit\/cosrx-advanced-snail-92-all-in-one-cream-100-g\/","title":{"rendered":"Cosrx Advanced Snail 92 All in one Cream, 100 g"},"content":{"rendered":"<p>Cosrx Advanced Snail 92 All in One Cream est une cr\u00e8me visage anti-\u00e2ge particuli\u00e8rement hydratante, enrichie \u00e0 92% de bave d&rsquo;escargot naturelle et filtr\u00e9e. La formule aide la peau \u00e0 conserver et \u00e0 retrouver son \u00e9clat de jeunesse, lui donnant un v\u00e9ritable regain d&rsquo;\u00e9nergie. La bave d&rsquo;escargot p\u00e9n\u00e8tre profond\u00e9ment dans la peau et lui procure une hydratation efficace et divers nutriments. De plus, elle aide \u00e0 pr\u00e9server l&rsquo;\u00e9lasticit\u00e9 et favorise le renouvellement cellulaire.<\/p>\n<p>Application :<\/p>\n<p>-Appliquer matin et soir sur le visage nettoy\u00e9 en derni\u00e8re \u00e9tape de la routine de soin.<br \/>\n-Attendre que le produit soit compl\u00e8tement absorb\u00e9.<\/p>\n","protected":false},"excerpt":{"rendered":"<p>Cosrx Advanced Snail 92 All in One Cream est une cr\u00e8me visage anti-\u00e2ge particuli\u00e8rement hydratante,&hellip;<\/p>\n","protected":false},"featured_media":3633,"comment_status":"open","ping_status":"closed","template":"","meta":[],"pwb-brand":[250],"product_brand":[],"product_cat":[83,82,80],"product_tag":[],"class_list":{"0":"post-3632","1":"product","2":"type-product","3":"status-publish","4":"has-post-thumbnail","6":"pwb-brand-cosrx","7":"product_cat-soin-anti-imperfections","8":"product_cat-soin-hydratant-nourrissant","9":"product_cat-soins","11":"first","12":"instock","13":"shipping-taxable","14":"purchasable","15":"product-type-simple","16":"layout-style-2","17":"col-md-4 col-sm-4 col-xs-6","18":"col-lg-3","19":"product-has-gallery","20":"product-style-addtocart"},"brands":[{"id":250,"name":"COSRX","slug":"cosrx"}],"_links":{"self":[{"href":"https:\/\/chicmisscosmetics.com\/index.php\/wp-json\/wp\/v2\/product\/3632","targetHints":{"allow":["GET"]}}],"collection":[{"href":"https:\/\/chicmisscosmetics.com\/index.php\/wp-json\/wp\/v2\/product"}],"about":[{"href":"https:\/\/chicmisscosmetics.com\/index.php\/wp-json\/wp\/v2\/types\/product"}],"replies":[{"embeddable":true,"href":"https:\/\/chicmisscosmetics.com\/index.php\/wp-json\/wp\/v2\/comments?post=3632"}],"wp:featuredmedia":[{"embeddable":true,"href":"https:\/\/chicmisscosmetics.com\/index.php\/wp-json\/wp\/v2\/media\/3633"}],"wp:attachment":[{"href":"https:\/\/chicmisscosmetics.com\/index.php\/wp-json\/wp\/v2\/media?parent=3632"}],"wp:term":[{"taxonomy":"pwb-brand","embeddable":true,"href":"https:\/\/chicmisscosmetics.com\/index.php\/wp-json\/wp\/v2\/pwb-brand?post=3632"},{"taxonomy":"product_brand","embeddable":true,"href":"https:\/\/chicmisscosmetics.com\/index.php\/wp-json\/wp\/v2\/product_brand?post=3632"},{"taxonomy":"product_cat","embeddable":true,"href":"https:\/\/chicmisscosmetics.com\/index.php\/wp-json\/wp\/v2\/product_cat?post=3632"},{"taxonomy":"product_tag","embeddable":true,"href":"https:\/\/chicmisscosmetics.com\/index.php\/wp-json\/wp\/v2\/product_tag?post=3632"}],"curies":[{"name":"wp","href":"https:\/\/api.w.org\/{rel}","templated":true}]}}