{"id":3636,"date":"2024-11-19T16:55:36","date_gmt":"2024-11-19T15:55:36","guid":{"rendered":"https:\/\/chicmisscosmetics.com\/?post_type=product&#038;p=3636"},"modified":"2024-11-19T16:55:36","modified_gmt":"2024-11-19T15:55:36","slug":"cosrx-advanced-snail-96-mucin-power-essence-100-ml","status":"publish","type":"product","link":"https:\/\/chicmisscosmetics.com\/index.php\/produit\/cosrx-advanced-snail-96-mucin-power-essence-100-ml\/","title":{"rendered":"Cosrx &#8211; Advanced Snail 96 Mucin Power Essence, 100 ml"},"content":{"rendered":"<p>Description<\/p>\n<p>Cet extrait ultra-l\u00e9ger \u00e0 la bave d&rsquo;escargot tr\u00e8s efficace a de multiples effets positifs sur la peau : il hydrate, apaise, r\u00e9pare et am\u00e9liore l&rsquo;\u00e9lasticit\u00e9 de la peau.<\/p>\n<p>Produit compos\u00e9 de plus de 96% de bave d&rsquo;escargot, connue pour ses propri\u00e9t\u00e9s apaisantes, r\u00e9g\u00e9n\u00e9rantes et hydratantes. L&rsquo;essence nourrit, rafra\u00eechit et donne \u00e0 la peau un \u00e9clat naturel.<\/p>\n<p>Advanced Snail 96 Mucin Power Essence est exempt d&rsquo;alcool, de parab\u00e8nes, de sulfates et de phtalates.<\/p>\n<p>Utilisation recommand\u00e9e : appliquer une petite quantit\u00e9 sur le visage apr\u00e8s le nettoyage. Tapotez ensuite doucement du bout des doigts jusqu&rsquo;\u00e0 ce que le s\u00e9rum soit compl\u00e8tement absorb\u00e9. Continuez avec la cr\u00e8me hydratante.<\/p>\n","protected":false},"excerpt":{"rendered":"<p>Description Cet extrait ultra-l\u00e9ger \u00e0 la bave d&rsquo;escargot tr\u00e8s efficace a de multiples effets positifs&hellip;<\/p>\n","protected":false},"featured_media":3637,"comment_status":"open","ping_status":"closed","template":"","meta":[],"pwb-brand":[250],"product_brand":[],"product_cat":[83,82,80],"product_tag":[],"class_list":{"0":"post-3636","1":"product","2":"type-product","3":"status-publish","4":"has-post-thumbnail","6":"pwb-brand-cosrx","7":"product_cat-soin-anti-imperfections","8":"product_cat-soin-hydratant-nourrissant","9":"product_cat-soins","11":"first","12":"instock","13":"shipping-taxable","14":"purchasable","15":"product-type-simple","16":"layout-style-2","17":"col-md-4 col-sm-4 col-xs-6","18":"col-lg-3","19":"product-style-addtocart"},"brands":[{"id":250,"name":"COSRX","slug":"cosrx"}],"_links":{"self":[{"href":"https:\/\/chicmisscosmetics.com\/index.php\/wp-json\/wp\/v2\/product\/3636","targetHints":{"allow":["GET"]}}],"collection":[{"href":"https:\/\/chicmisscosmetics.com\/index.php\/wp-json\/wp\/v2\/product"}],"about":[{"href":"https:\/\/chicmisscosmetics.com\/index.php\/wp-json\/wp\/v2\/types\/product"}],"replies":[{"embeddable":true,"href":"https:\/\/chicmisscosmetics.com\/index.php\/wp-json\/wp\/v2\/comments?post=3636"}],"wp:featuredmedia":[{"embeddable":true,"href":"https:\/\/chicmisscosmetics.com\/index.php\/wp-json\/wp\/v2\/media\/3637"}],"wp:attachment":[{"href":"https:\/\/chicmisscosmetics.com\/index.php\/wp-json\/wp\/v2\/media?parent=3636"}],"wp:term":[{"taxonomy":"pwb-brand","embeddable":true,"href":"https:\/\/chicmisscosmetics.com\/index.php\/wp-json\/wp\/v2\/pwb-brand?post=3636"},{"taxonomy":"product_brand","embeddable":true,"href":"https:\/\/chicmisscosmetics.com\/index.php\/wp-json\/wp\/v2\/product_brand?post=3636"},{"taxonomy":"product_cat","embeddable":true,"href":"https:\/\/chicmisscosmetics.com\/index.php\/wp-json\/wp\/v2\/product_cat?post=3636"},{"taxonomy":"product_tag","embeddable":true,"href":"https:\/\/chicmisscosmetics.com\/index.php\/wp-json\/wp\/v2\/product_tag?post=3636"}],"curies":[{"name":"wp","href":"https:\/\/api.w.org\/{rel}","templated":true}]}}