{"id":3715,"date":"2024-11-26T15:03:59","date_gmt":"2024-11-26T14:03:59","guid":{"rendered":"https:\/\/chicmisscosmetics.com\/?post_type=product&#038;p=3715"},"modified":"2024-11-26T15:06:56","modified_gmt":"2024-11-26T14:06:56","slug":"shiseido-fino-hair-mask-treatment-230g","status":"publish","type":"product","link":"https:\/\/chicmisscosmetics.com\/index.php\/produit\/shiseido-fino-hair-mask-treatment-230g\/","title":{"rendered":"Shiseido- Fino Hair Mask Treatment 230g"},"content":{"rendered":"<p>Shiseido Fino, une solution de soins capillaires luxueuse con\u00e7ue pour revitaliser et nourrir vos cheveux. Ce masque capillaire est enrichi d&rsquo;un m\u00e9lange d&rsquo;ingr\u00e9dients de haute qualit\u00e9, notamment du sorbitol, du squalane, de l&rsquo;extrait de gel\u00e9e royale et bien plus encore, qui agissent ensemble pour hydrater, r\u00e9parer et prot\u00e9ger vos cheveux des dommages.<\/p>\n<p>Le traitement masque capillaire Shiseido Fino est formul\u00e9 avec des acides amin\u00e9s et de l&rsquo;arginine HCI pour renforcer les cheveux et am\u00e9liorer leur \u00e9lasticit\u00e9, ce qui donne des cheveux sains et \u00e9clatants. Son m\u00e9lange unique d&rsquo;\u00e9mollients et de revitalisants, dont la dim\u00e9thicone, le chlorure de b\u00e9hentrimonium et le chlorure de st\u00e9raltrimonium, aide \u00e0 lisser les frisottis et \u00e0 restaurer l&rsquo;\u00e9clat et la douceur naturels de vos cheveux.<\/p>\n<p>Ce masque capillaire contient \u00e9galement du tr\u00e9halose et du PCA, qui aident \u00e0 retenir l&rsquo;humidit\u00e9 des cheveux, pr\u00e9venant ainsi le dess\u00e8chement et la casse. De plus, il a un parfum rafra\u00eechissant qui laisse une odeur agr\u00e9able \u00e0 vos cheveux.<\/p>\n<p>Comment utiliser :<\/p>\n<p>1. Apr\u00e8s le shampooing, \u00e9gouttez l\u00e9g\u00e8rement.<\/p>\n<p>2. Rincez bien apr\u00e8s avoir laiss\u00e9 la quantit\u00e9 appropri\u00e9e (environ 2 cuill\u00e8res \u00e0 caf\u00e9 pour les cheveux mi-longs) autour de la partie ab\u00eem\u00e9e des cheveux.<\/p>\n<p>M\u00eame s&rsquo;il est imm\u00e9diatement rinc\u00e9, il a suffisamment d&rsquo;effet.<br \/>\nIl d\u00e9montre un effet \u00e9lev\u00e9, recommandez de l&rsquo;utiliser 1 ou 2 fois par semaine.<\/p>\n","protected":false},"excerpt":{"rendered":"<p>Shiseido Fino, une solution de soins capillaires luxueuse con\u00e7ue pour revitaliser et nourrir vos cheveux.&hellip;<\/p>\n","protected":false},"featured_media":3716,"comment_status":"open","ping_status":"closed","template":"","meta":[],"pwb-brand":[262],"product_brand":[],"product_cat":[168,170],"product_tag":[],"class_list":{"0":"post-3715","1":"product","2":"type-product","3":"status-publish","4":"has-post-thumbnail","6":"pwb-brand-shiseido","7":"product_cat-cheuveux","8":"product_cat-soins-capilaire","10":"first","11":"instock","12":"shipping-taxable","13":"purchasable","14":"product-type-simple","15":"layout-style-2","16":"col-md-4 col-sm-4 col-xs-6","17":"col-lg-3","18":"product-has-gallery","19":"product-style-addtocart"},"brands":[{"id":262,"name":"Shiseido","slug":"shiseido"}],"_links":{"self":[{"href":"https:\/\/chicmisscosmetics.com\/index.php\/wp-json\/wp\/v2\/product\/3715","targetHints":{"allow":["GET"]}}],"collection":[{"href":"https:\/\/chicmisscosmetics.com\/index.php\/wp-json\/wp\/v2\/product"}],"about":[{"href":"https:\/\/chicmisscosmetics.com\/index.php\/wp-json\/wp\/v2\/types\/product"}],"replies":[{"embeddable":true,"href":"https:\/\/chicmisscosmetics.com\/index.php\/wp-json\/wp\/v2\/comments?post=3715"}],"wp:featuredmedia":[{"embeddable":true,"href":"https:\/\/chicmisscosmetics.com\/index.php\/wp-json\/wp\/v2\/media\/3716"}],"wp:attachment":[{"href":"https:\/\/chicmisscosmetics.com\/index.php\/wp-json\/wp\/v2\/media?parent=3715"}],"wp:term":[{"taxonomy":"pwb-brand","embeddable":true,"href":"https:\/\/chicmisscosmetics.com\/index.php\/wp-json\/wp\/v2\/pwb-brand?post=3715"},{"taxonomy":"product_brand","embeddable":true,"href":"https:\/\/chicmisscosmetics.com\/index.php\/wp-json\/wp\/v2\/product_brand?post=3715"},{"taxonomy":"product_cat","embeddable":true,"href":"https:\/\/chicmisscosmetics.com\/index.php\/wp-json\/wp\/v2\/product_cat?post=3715"},{"taxonomy":"product_tag","embeddable":true,"href":"https:\/\/chicmisscosmetics.com\/index.php\/wp-json\/wp\/v2\/product_tag?post=3715"}],"curies":[{"name":"wp","href":"https:\/\/api.w.org\/{rel}","templated":true}]}}