{"id":3719,"date":"2024-11-26T15:19:18","date_gmt":"2024-11-26T14:19:18","guid":{"rendered":"https:\/\/chicmisscosmetics.com\/?post_type=product&#038;p=3719"},"modified":"2024-11-26T15:19:18","modified_gmt":"2024-11-26T14:19:18","slug":"fino-premium-touch-serum","status":"publish","type":"product","link":"https:\/\/chicmisscosmetics.com\/index.php\/produit\/fino-premium-touch-serum\/","title":{"rendered":"Fino-Premium Touch serum"},"content":{"rendered":"<p>Ce S\u00e8rum R\u00e9parateur fino Premium Touch de Fino, le choix id\u00e9al pour des soins capillaires irr\u00e9prochables. Connu pour ses propri\u00e9t\u00e9s r\u00e9paratrices, ce S\u00e8rum professionnel japonais est con\u00e7u pour raviver et restaurer la sant\u00e9 de vos cheveux.<\/p>\n","protected":false},"excerpt":{"rendered":"<p>Ce S\u00e8rum R\u00e9parateur fino Premium Touch de Fino, le choix id\u00e9al pour des soins capillaires&hellip;<\/p>\n","protected":false},"featured_media":3720,"comment_status":"open","ping_status":"closed","template":"","meta":[],"pwb-brand":[263],"product_brand":[],"product_cat":[168,170],"product_tag":[],"class_list":{"0":"post-3719","1":"product","2":"type-product","3":"status-publish","4":"has-post-thumbnail","6":"pwb-brand-fino","7":"product_cat-cheuveux","8":"product_cat-soins-capilaire","10":"first","11":"instock","12":"shipping-taxable","13":"purchasable","14":"product-type-simple","15":"layout-style-2","16":"col-md-4 col-sm-4 col-xs-6","17":"col-lg-3","18":"product-style-addtocart"},"brands":[{"id":263,"name":"FINO","slug":"fino"}],"_links":{"self":[{"href":"https:\/\/chicmisscosmetics.com\/index.php\/wp-json\/wp\/v2\/product\/3719","targetHints":{"allow":["GET"]}}],"collection":[{"href":"https:\/\/chicmisscosmetics.com\/index.php\/wp-json\/wp\/v2\/product"}],"about":[{"href":"https:\/\/chicmisscosmetics.com\/index.php\/wp-json\/wp\/v2\/types\/product"}],"replies":[{"embeddable":true,"href":"https:\/\/chicmisscosmetics.com\/index.php\/wp-json\/wp\/v2\/comments?post=3719"}],"wp:featuredmedia":[{"embeddable":true,"href":"https:\/\/chicmisscosmetics.com\/index.php\/wp-json\/wp\/v2\/media\/3720"}],"wp:attachment":[{"href":"https:\/\/chicmisscosmetics.com\/index.php\/wp-json\/wp\/v2\/media?parent=3719"}],"wp:term":[{"taxonomy":"pwb-brand","embeddable":true,"href":"https:\/\/chicmisscosmetics.com\/index.php\/wp-json\/wp\/v2\/pwb-brand?post=3719"},{"taxonomy":"product_brand","embeddable":true,"href":"https:\/\/chicmisscosmetics.com\/index.php\/wp-json\/wp\/v2\/product_brand?post=3719"},{"taxonomy":"product_cat","embeddable":true,"href":"https:\/\/chicmisscosmetics.com\/index.php\/wp-json\/wp\/v2\/product_cat?post=3719"},{"taxonomy":"product_tag","embeddable":true,"href":"https:\/\/chicmisscosmetics.com\/index.php\/wp-json\/wp\/v2\/product_tag?post=3719"}],"curies":[{"name":"wp","href":"https:\/\/api.w.org\/{rel}","templated":true}]}}