{"id":3721,"date":"2024-11-26T15:32:52","date_gmt":"2024-11-26T14:32:52","guid":{"rendered":"https:\/\/chicmisscosmetics.com\/?post_type=product&#038;p=3721"},"modified":"2024-11-26T15:32:52","modified_gmt":"2024-11-26T14:32:52","slug":"effluvium-chute-de-cheveux","status":"publish","type":"product","link":"https:\/\/chicmisscosmetics.com\/index.php\/produit\/effluvium-chute-de-cheveux\/","title":{"rendered":"Effluvium-chute de cheveux"},"content":{"rendered":"<p>Compl\u00e9ment alimentaire issu de la recherche en micronutrition :<\/p>\n<p>-Croissance, \u00e9paisseur, vitalit\u00e9, beaut\u00e9<br \/>\n-20 actifs dont zinc, biotine, vitamines&#8230;<br \/>\n-Acides amin\u00e9s constitutifs de la k\u00e9ratine<br \/>\n-1 bo\u00eete : 10 semaines. <\/p>\n<p>Conseils d&rsquo;utilisation<\/p>\n<p>Programme de 10 semaines. Renouvelable apr\u00e8s une pause d\u2019un mois.<br \/>\n\u00c0 prendre lors d\u2019un repas ou d\u2019une collation.<br \/>\nNos g\u00e9lules vertes ont \u00e9t\u00e9 remplac\u00e9es par des g\u00e9lules transparentes. Seules les g\u00e9lules ont chang\u00e9 de couleur, la formule du produit reste inchang\u00e9e.<br \/>\nA consommer de pr\u00e9f\u00e9rence avant la date indiqu\u00e9e sous l\u2019\u00e9tui.<br \/>\nApr\u00e8s ouverture, bien refermer le pilulier. Pour une meilleure conservation, placer le produit au r\u00e9frig\u00e9rateur.<br \/>\nR\u00e9serv\u00e9 \u00e0 l\u2019adulte except\u00e9 la femme enceinte ou allaitante.<br \/>\nLes personnes sous contr\u00f4le m\u00e9dical doivent demander l\u2019avis de leur m\u00e9decin.<br \/>\nCe compl\u00e9ment alimentaire n\u2019est pas un m\u00e9dicament. Il est recommand\u00e9 de respecter la dose journali\u00e8re indiqu\u00e9e, de le consommer dans le cadre d\u2019une alimentation vari\u00e9e et \u00e9quilibr\u00e9e et d\u2019un mode de vie sain et de le tenir hors de port\u00e9e des jeunes enfants.<\/p>\n","protected":false},"excerpt":{"rendered":"<p>Compl\u00e9ment alimentaire issu de la recherche en micronutrition : -Croissance, \u00e9paisseur, vitalit\u00e9, beaut\u00e9 -20 actifs&hellip;<\/p>\n","protected":false},"featured_media":0,"comment_status":"open","ping_status":"closed","template":"","meta":[],"pwb-brand":[264],"product_brand":[],"product_cat":[168,170],"product_tag":[],"class_list":{"0":"post-3721","1":"product","2":"type-product","3":"status-publish","5":"pwb-brand-effluvium","6":"product_cat-cheuveux","7":"product_cat-soins-capilaire","9":"first","10":"instock","11":"shipping-taxable","12":"purchasable","13":"product-type-simple","14":"layout-style-2","15":"col-md-4 col-sm-4 col-xs-6","16":"col-lg-3","17":"product-style-addtocart"},"brands":[{"id":264,"name":"Effluvium","slug":"effluvium"}],"_links":{"self":[{"href":"https:\/\/chicmisscosmetics.com\/index.php\/wp-json\/wp\/v2\/product\/3721","targetHints":{"allow":["GET"]}}],"collection":[{"href":"https:\/\/chicmisscosmetics.com\/index.php\/wp-json\/wp\/v2\/product"}],"about":[{"href":"https:\/\/chicmisscosmetics.com\/index.php\/wp-json\/wp\/v2\/types\/product"}],"replies":[{"embeddable":true,"href":"https:\/\/chicmisscosmetics.com\/index.php\/wp-json\/wp\/v2\/comments?post=3721"}],"wp:attachment":[{"href":"https:\/\/chicmisscosmetics.com\/index.php\/wp-json\/wp\/v2\/media?parent=3721"}],"wp:term":[{"taxonomy":"pwb-brand","embeddable":true,"href":"https:\/\/chicmisscosmetics.com\/index.php\/wp-json\/wp\/v2\/pwb-brand?post=3721"},{"taxonomy":"product_brand","embeddable":true,"href":"https:\/\/chicmisscosmetics.com\/index.php\/wp-json\/wp\/v2\/product_brand?post=3721"},{"taxonomy":"product_cat","embeddable":true,"href":"https:\/\/chicmisscosmetics.com\/index.php\/wp-json\/wp\/v2\/product_cat?post=3721"},{"taxonomy":"product_tag","embeddable":true,"href":"https:\/\/chicmisscosmetics.com\/index.php\/wp-json\/wp\/v2\/product_tag?post=3721"}],"curies":[{"name":"wp","href":"https:\/\/api.w.org\/{rel}","templated":true}]}}