{"id":3732,"date":"2024-11-26T16:59:39","date_gmt":"2024-11-26T15:59:39","guid":{"rendered":"https:\/\/chicmisscosmetics.com\/?post_type=product&#038;p=3732"},"modified":"2024-11-26T16:59:39","modified_gmt":"2024-11-26T15:59:39","slug":"sheglam-brows-on-demand-2-in-1-brow-pencil","status":"publish","type":"product","link":"https:\/\/chicmisscosmetics.com\/index.php\/produit\/sheglam-brows-on-demand-2-in-1-brow-pencil\/","title":{"rendered":"SHEGLAM- Brows On Demand 2-In-1 Brow Pencil"},"content":{"rendered":"<p>ehaussez vos sourcils sous tous les angles avec notre crayon \u00e0 sourcils \u00e0 double extr\u00e9mit\u00e9. Un c\u00f4t\u00e9 est dot\u00e9 d&rsquo;une pointe cr\u00e8me mate imperm\u00e9able con\u00e7ue pour \u00eatre extra fine pour des lignes pr\u00e9cises qui imitent vos poils naturels. L&rsquo;autre extr\u00e9mit\u00e9 offre un liquide luxueux qui est imperm\u00e9able, r\u00e9sistant \u00e0 la transpiration et \u00e0 l&rsquo;huile..<\/p>\n","protected":false},"excerpt":{"rendered":"<p>ehaussez vos sourcils sous tous les angles avec notre crayon \u00e0 sourcils \u00e0 double extr\u00e9mit\u00e9.&hellip;<\/p>\n","protected":false},"featured_media":3733,"comment_status":"open","ping_status":"closed","template":"","meta":[],"pwb-brand":[247],"product_brand":[],"product_cat":[70,69],"product_tag":[],"class_list":{"0":"post-3732","1":"product","2":"type-product","3":"status-publish","4":"has-post-thumbnail","6":"pwb-brand-sheglam","7":"product_cat-crayons-poudre-sourcils","8":"product_cat-sourcils","10":"first","11":"instock","12":"shipping-taxable","13":"purchasable","14":"product-type-variable","15":"layout-style-2","16":"col-md-4 col-sm-4 col-xs-6","17":"col-lg-3","18":"product-has-gallery","19":"product-style-addtocart"},"brands":[{"id":247,"name":"SHEGLAM","slug":"sheglam"}],"_links":{"self":[{"href":"https:\/\/chicmisscosmetics.com\/index.php\/wp-json\/wp\/v2\/product\/3732","targetHints":{"allow":["GET"]}}],"collection":[{"href":"https:\/\/chicmisscosmetics.com\/index.php\/wp-json\/wp\/v2\/product"}],"about":[{"href":"https:\/\/chicmisscosmetics.com\/index.php\/wp-json\/wp\/v2\/types\/product"}],"replies":[{"embeddable":true,"href":"https:\/\/chicmisscosmetics.com\/index.php\/wp-json\/wp\/v2\/comments?post=3732"}],"wp:featuredmedia":[{"embeddable":true,"href":"https:\/\/chicmisscosmetics.com\/index.php\/wp-json\/wp\/v2\/media\/3733"}],"wp:attachment":[{"href":"https:\/\/chicmisscosmetics.com\/index.php\/wp-json\/wp\/v2\/media?parent=3732"}],"wp:term":[{"taxonomy":"pwb-brand","embeddable":true,"href":"https:\/\/chicmisscosmetics.com\/index.php\/wp-json\/wp\/v2\/pwb-brand?post=3732"},{"taxonomy":"product_brand","embeddable":true,"href":"https:\/\/chicmisscosmetics.com\/index.php\/wp-json\/wp\/v2\/product_brand?post=3732"},{"taxonomy":"product_cat","embeddable":true,"href":"https:\/\/chicmisscosmetics.com\/index.php\/wp-json\/wp\/v2\/product_cat?post=3732"},{"taxonomy":"product_tag","embeddable":true,"href":"https:\/\/chicmisscosmetics.com\/index.php\/wp-json\/wp\/v2\/product_tag?post=3732"}],"curies":[{"name":"wp","href":"https:\/\/api.w.org\/{rel}","templated":true}]}}