{"id":3746,"date":"2024-11-26T17:15:55","date_gmt":"2024-11-26T16:15:55","guid":{"rendered":"https:\/\/chicmisscosmetics.com\/?post_type=product&#038;p=3746"},"modified":"2025-08-05T10:22:18","modified_gmt":"2025-08-05T09:22:18","slug":"anastasia-beverly-hills-brow-freeze-styling-wax-0-28oz-8g","status":"publish","type":"product","link":"https:\/\/chicmisscosmetics.com\/index.php\/produit\/anastasia-beverly-hills-brow-freeze-styling-wax-0-28oz-8g\/","title":{"rendered":"Anastasia Beverly Hills- Brow Freeze Styling Wax 0.28oz (8g)"},"content":{"rendered":"<p>Une cire tenue extr\u00eame qui rehausse les sourcils.<\/p>\n<p>Sublimez votre look avec Brow Freeze d\u2019Anastasia Beverly Hills. Cette cire coiffante personnalisable \u00e0 la tenue durable redresse, discipline et sculpte vos sourcils pour vous offrir l\u2019effet soign\u00e9 dont vous r\u00eavez tant. Sa formule universelle, \u00e0 l\u2019application facile et propre, fige durablement les poils pour des sourcils fournis tout au long de la journ\u00e9e.<\/p>\n","protected":false},"excerpt":{"rendered":"<p>Une cire tenue extr\u00eame qui rehausse les sourcils. Sublimez votre look avec Brow Freeze d\u2019Anastasia&hellip;<\/p>\n","protected":false},"featured_media":3766,"comment_status":"open","ping_status":"closed","template":"","meta":[],"pwb-brand":[141],"product_brand":[],"product_cat":[71,69],"product_tag":[],"class_list":{"0":"post-3746","1":"product","2":"type-product","3":"status-publish","4":"has-post-thumbnail","6":"pwb-brand-anastasia-beverly-hills","7":"product_cat-gel-mascara-sourcils","8":"product_cat-sourcils","10":"first","11":"instock","12":"shipping-taxable","13":"purchasable","14":"product-type-simple","15":"layout-style-2","16":"col-md-4 col-sm-4 col-xs-6","17":"col-lg-3","18":"product-has-gallery","19":"product-style-addtocart"},"brands":[{"id":141,"name":"anastasia beverly hills","slug":"anastasia-beverly-hills"}],"_links":{"self":[{"href":"https:\/\/chicmisscosmetics.com\/index.php\/wp-json\/wp\/v2\/product\/3746","targetHints":{"allow":["GET"]}}],"collection":[{"href":"https:\/\/chicmisscosmetics.com\/index.php\/wp-json\/wp\/v2\/product"}],"about":[{"href":"https:\/\/chicmisscosmetics.com\/index.php\/wp-json\/wp\/v2\/types\/product"}],"replies":[{"embeddable":true,"href":"https:\/\/chicmisscosmetics.com\/index.php\/wp-json\/wp\/v2\/comments?post=3746"}],"wp:featuredmedia":[{"embeddable":true,"href":"https:\/\/chicmisscosmetics.com\/index.php\/wp-json\/wp\/v2\/media\/3766"}],"wp:attachment":[{"href":"https:\/\/chicmisscosmetics.com\/index.php\/wp-json\/wp\/v2\/media?parent=3746"}],"wp:term":[{"taxonomy":"pwb-brand","embeddable":true,"href":"https:\/\/chicmisscosmetics.com\/index.php\/wp-json\/wp\/v2\/pwb-brand?post=3746"},{"taxonomy":"product_brand","embeddable":true,"href":"https:\/\/chicmisscosmetics.com\/index.php\/wp-json\/wp\/v2\/product_brand?post=3746"},{"taxonomy":"product_cat","embeddable":true,"href":"https:\/\/chicmisscosmetics.com\/index.php\/wp-json\/wp\/v2\/product_cat?post=3746"},{"taxonomy":"product_tag","embeddable":true,"href":"https:\/\/chicmisscosmetics.com\/index.php\/wp-json\/wp\/v2\/product_tag?post=3746"}],"curies":[{"name":"wp","href":"https:\/\/api.w.org\/{rel}","templated":true}]}}