{"id":3771,"date":"2024-11-27T11:56:39","date_gmt":"2024-11-27T10:56:39","guid":{"rendered":"https:\/\/chicmisscosmetics.com\/?post_type=product&#038;p=3771"},"modified":"2024-11-27T11:59:02","modified_gmt":"2024-11-27T10:59:02","slug":"remington-shea-soft-exclusive-bundle","status":"publish","type":"product","link":"https:\/\/chicmisscosmetics.com\/index.php\/produit\/remington-shea-soft-exclusive-bundle\/","title":{"rendered":"REMINGTON- Shea soft Exclusive bundle (Coffret)"},"content":{"rendered":"<p>\u00c0 propos de cet article<br \/>\n`<br \/>\nMicro-conditionneurs enrichis en huile de karit\u00e9 &#8211; Les micro-conditionneurs enrichis en huile de karit\u00e9 sont lib\u00e9r\u00e9s dans le flux d&rsquo;air pendant le s\u00e9chage, vous offrant des cheveux doux et lisses \u00e0 chaque fois que vous les coiffez.<br \/>\nTechnologie ionique &#8211; Le s\u00e8che-cheveux Shea Soft a \u00e9t\u00e9 con\u00e7u avec la technologie ionique qui distribue des millions d&rsquo;ions pour lutter contre les frisottis et l&rsquo;\u00e9lectricit\u00e9 statique.<br \/>\nPlaques rev\u00eatues de c\u00e9ramique avanc\u00e9e avec de l&rsquo;huile de karit\u00e9 &#8211; Les plaques rev\u00eatues lib\u00e8rent de luxueux micro-conditionneurs enrichis en huile de karit\u00e9 sur les cheveux, contribuant ainsi \u00e0 favoriser la brillance naturelle de vos cheveux.<br \/>\nPlaques flottantes plus longues de 110 mm &#8211; Cette conception vous permet de lisser davantage de cheveux en un seul passage, vous offrant un contact maximal et une pression uniforme pendant que vous lissez.<br \/>\nVous souhaitez cr\u00e9er des boucles luxueuses rapidement et facilement ? Le cylindre conique effil\u00e9 de 13 \u00e0 25 mm est con\u00e7u pour vous aider \u00e0 cr\u00e9er des boucles d&rsquo;apparence naturelle ou des ondulations sans effort que vous aimez en quelques minutes seulement.<br \/>\nMicro-apr\u00e8s-shampooings enrichis en huile de karit\u00e9 &#8211; Le corps en c\u00e9ramique avanc\u00e9 est enrichi en huile de karit\u00e9 pour aider vos cheveux \u00e0 \u00eatre doux et \u00e0 cr\u00e9er de belles boucles, quelle que soit la fa\u00e7on dont vous choisissez de les coiffer.<\/p>\n","protected":false},"excerpt":{"rendered":"<p>\u00c0 propos de cet article ` Micro-conditionneurs enrichis en huile de karit\u00e9 &#8211; Les micro-conditionneurs&hellip;<\/p>\n","protected":false},"featured_media":3773,"comment_status":"open","ping_status":"closed","template":"","meta":[],"pwb-brand":[160],"product_brand":[],"product_cat":[76,171,168],"product_tag":[],"class_list":{"0":"post-3771","1":"product","2":"type-product","3":"status-publish","4":"has-post-thumbnail","6":"pwb-brand-remington","7":"product_cat-accessoires","8":"product_cat-accessoires-cheveux","9":"product_cat-cheuveux","11":"first","12":"instock","13":"shipping-taxable","14":"purchasable","15":"product-type-simple","16":"layout-style-2","17":"col-md-4 col-sm-4 col-xs-6","18":"col-lg-3","19":"product-has-gallery","20":"product-style-addtocart"},"brands":[{"id":160,"name":"Remington","slug":"remington"}],"_links":{"self":[{"href":"https:\/\/chicmisscosmetics.com\/index.php\/wp-json\/wp\/v2\/product\/3771","targetHints":{"allow":["GET"]}}],"collection":[{"href":"https:\/\/chicmisscosmetics.com\/index.php\/wp-json\/wp\/v2\/product"}],"about":[{"href":"https:\/\/chicmisscosmetics.com\/index.php\/wp-json\/wp\/v2\/types\/product"}],"replies":[{"embeddable":true,"href":"https:\/\/chicmisscosmetics.com\/index.php\/wp-json\/wp\/v2\/comments?post=3771"}],"wp:featuredmedia":[{"embeddable":true,"href":"https:\/\/chicmisscosmetics.com\/index.php\/wp-json\/wp\/v2\/media\/3773"}],"wp:attachment":[{"href":"https:\/\/chicmisscosmetics.com\/index.php\/wp-json\/wp\/v2\/media?parent=3771"}],"wp:term":[{"taxonomy":"pwb-brand","embeddable":true,"href":"https:\/\/chicmisscosmetics.com\/index.php\/wp-json\/wp\/v2\/pwb-brand?post=3771"},{"taxonomy":"product_brand","embeddable":true,"href":"https:\/\/chicmisscosmetics.com\/index.php\/wp-json\/wp\/v2\/product_brand?post=3771"},{"taxonomy":"product_cat","embeddable":true,"href":"https:\/\/chicmisscosmetics.com\/index.php\/wp-json\/wp\/v2\/product_cat?post=3771"},{"taxonomy":"product_tag","embeddable":true,"href":"https:\/\/chicmisscosmetics.com\/index.php\/wp-json\/wp\/v2\/product_tag?post=3771"}],"curies":[{"name":"wp","href":"https:\/\/api.w.org\/{rel}","templated":true}]}}