{"id":3840,"date":"2026-01-07T14:54:17","date_gmt":"2026-01-07T13:54:17","guid":{"rendered":"https:\/\/chicmisscosmetics.com\/?post_type=product&#038;p=3840"},"modified":"2026-01-07T14:54:17","modified_gmt":"2026-01-07T13:54:17","slug":"plouise-chapter-three","status":"publish","type":"product","link":"https:\/\/chicmisscosmetics.com\/index.php\/produit\/plouise-chapter-three\/","title":{"rendered":"Plouise &#8211; Chapter three"},"content":{"rendered":"<p>La palette P.Louise \u00ab\u00a0Chapter Three\u00a0\u00bb est un livre de maquillage tout-en-un centr\u00e9 sur des tons neutres et chauds, offrant des fards \u00e0 paupi\u00e8res, des poudres bronzantes riches et ensoleill\u00e9es (page 3), des fards \u00e0 joues doux et des illuminateurs scintillants pour un look rayonnant, id\u00e9ale pour voyager gr\u00e2ce \u00e0 ses multiples options de looks. <\/p>\n","protected":false},"excerpt":{"rendered":"<p>La palette P.Louise \u00ab\u00a0Chapter Three\u00a0\u00bb est un livre de maquillage tout-en-un centr\u00e9 sur des tons&hellip;<\/p>\n","protected":false},"featured_media":3841,"comment_status":"open","ping_status":"closed","template":"","meta":[],"pwb-brand":[248],"product_brand":[],"product_cat":[51,56,61,55],"product_tag":[],"class_list":{"0":"post-3840","1":"product","2":"type-product","3":"status-publish","4":"has-post-thumbnail","6":"pwb-brand-plouise","7":"product_cat-maquillage","8":"product_cat-palette","9":"product_cat-visage","10":"product_cat-yeux","12":"first","13":"instock","14":"shipping-taxable","15":"purchasable","16":"product-type-simple","17":"layout-style-2","18":"col-md-4 col-sm-4 col-xs-6","19":"col-lg-3","20":"product-has-gallery","21":"product-style-addtocart"},"brands":[{"id":248,"name":"plouise","slug":"plouise"}],"_links":{"self":[{"href":"https:\/\/chicmisscosmetics.com\/index.php\/wp-json\/wp\/v2\/product\/3840","targetHints":{"allow":["GET"]}}],"collection":[{"href":"https:\/\/chicmisscosmetics.com\/index.php\/wp-json\/wp\/v2\/product"}],"about":[{"href":"https:\/\/chicmisscosmetics.com\/index.php\/wp-json\/wp\/v2\/types\/product"}],"replies":[{"embeddable":true,"href":"https:\/\/chicmisscosmetics.com\/index.php\/wp-json\/wp\/v2\/comments?post=3840"}],"wp:featuredmedia":[{"embeddable":true,"href":"https:\/\/chicmisscosmetics.com\/index.php\/wp-json\/wp\/v2\/media\/3841"}],"wp:attachment":[{"href":"https:\/\/chicmisscosmetics.com\/index.php\/wp-json\/wp\/v2\/media?parent=3840"}],"wp:term":[{"taxonomy":"pwb-brand","embeddable":true,"href":"https:\/\/chicmisscosmetics.com\/index.php\/wp-json\/wp\/v2\/pwb-brand?post=3840"},{"taxonomy":"product_brand","embeddable":true,"href":"https:\/\/chicmisscosmetics.com\/index.php\/wp-json\/wp\/v2\/product_brand?post=3840"},{"taxonomy":"product_cat","embeddable":true,"href":"https:\/\/chicmisscosmetics.com\/index.php\/wp-json\/wp\/v2\/product_cat?post=3840"},{"taxonomy":"product_tag","embeddable":true,"href":"https:\/\/chicmisscosmetics.com\/index.php\/wp-json\/wp\/v2\/product_tag?post=3840"}],"curies":[{"name":"wp","href":"https:\/\/api.w.org\/{rel}","templated":true}]}}