{"id":3874,"date":"2026-01-07T17:52:11","date_gmt":"2026-01-07T16:52:11","guid":{"rendered":"https:\/\/chicmisscosmetics.com\/?post_type=product&#038;p=3874"},"modified":"2026-01-07T17:52:12","modified_gmt":"2026-01-07T16:52:12","slug":"centella-ampoule-100ml-skin1004","status":"publish","type":"product","link":"https:\/\/chicmisscosmetics.com\/index.php\/produit\/centella-ampoule-100ml-skin1004\/","title":{"rendered":"CENTELLA AMPOULE 100ML SKIN1004"},"content":{"rendered":"<p>L&rsquo;ampoule Centella de SKIN1004 est un s\u00e9rum hydratant et apaisant puissant, formul\u00e9 avec 100 % d&rsquo;extrait de Centella Asiatica de Madagascar, id\u00e9al pour calmer les peaux sensibles, irrit\u00e9es ou \u00e0 probl\u00e8mes, tout en hydratant, r\u00e9g\u00e9n\u00e9rant, renfor\u00e7ant la barri\u00e8re cutan\u00e9e et offrant un teint plus uniforme et lumineux, adapt\u00e9 \u00e0 tous les types de peau. Sa texture l\u00e9g\u00e8re p\u00e9n\u00e8tre rapidement pour une peau souple, apais\u00e9e et r\u00e9\u00e9quilibr\u00e9e. <\/p>\n","protected":false},"excerpt":{"rendered":"<p>L&rsquo;ampoule Centella de SKIN1004 est un s\u00e9rum hydratant et apaisant puissant, formul\u00e9 avec 100 %&hellip;<\/p>\n","protected":false},"featured_media":3875,"comment_status":"open","ping_status":"closed","template":"","meta":[],"pwb-brand":[249],"product_brand":[],"product_cat":[85,80],"product_tag":[],"class_list":{"0":"post-3874","1":"product","2":"type-product","3":"status-publish","4":"has-post-thumbnail","6":"pwb-brand-centella","7":"product_cat-serum","8":"product_cat-soins","10":"first","11":"instock","12":"shipping-taxable","13":"purchasable","14":"product-type-simple","15":"layout-style-2","16":"col-md-4 col-sm-4 col-xs-6","17":"col-lg-3","18":"product-has-gallery","19":"product-style-addtocart"},"brands":[{"id":249,"name":"CENTELLA","slug":"centella"}],"_links":{"self":[{"href":"https:\/\/chicmisscosmetics.com\/index.php\/wp-json\/wp\/v2\/product\/3874","targetHints":{"allow":["GET"]}}],"collection":[{"href":"https:\/\/chicmisscosmetics.com\/index.php\/wp-json\/wp\/v2\/product"}],"about":[{"href":"https:\/\/chicmisscosmetics.com\/index.php\/wp-json\/wp\/v2\/types\/product"}],"replies":[{"embeddable":true,"href":"https:\/\/chicmisscosmetics.com\/index.php\/wp-json\/wp\/v2\/comments?post=3874"}],"wp:featuredmedia":[{"embeddable":true,"href":"https:\/\/chicmisscosmetics.com\/index.php\/wp-json\/wp\/v2\/media\/3875"}],"wp:attachment":[{"href":"https:\/\/chicmisscosmetics.com\/index.php\/wp-json\/wp\/v2\/media?parent=3874"}],"wp:term":[{"taxonomy":"pwb-brand","embeddable":true,"href":"https:\/\/chicmisscosmetics.com\/index.php\/wp-json\/wp\/v2\/pwb-brand?post=3874"},{"taxonomy":"product_brand","embeddable":true,"href":"https:\/\/chicmisscosmetics.com\/index.php\/wp-json\/wp\/v2\/product_brand?post=3874"},{"taxonomy":"product_cat","embeddable":true,"href":"https:\/\/chicmisscosmetics.com\/index.php\/wp-json\/wp\/v2\/product_cat?post=3874"},{"taxonomy":"product_tag","embeddable":true,"href":"https:\/\/chicmisscosmetics.com\/index.php\/wp-json\/wp\/v2\/product_tag?post=3874"}],"curies":[{"name":"wp","href":"https:\/\/api.w.org\/{rel}","templated":true}]}}