{"id":3956,"date":"2026-02-15T20:32:19","date_gmt":"2026-02-15T19:32:19","guid":{"rendered":"https:\/\/chicmisscosmetics.com\/?post_type=product&#038;p=3956"},"modified":"2026-02-15T20:32:19","modified_gmt":"2026-02-15T19:32:19","slug":"pixi-milky-remedy-mask-300-ml","status":"publish","type":"product","link":"https:\/\/chicmisscosmetics.com\/index.php\/produit\/pixi-milky-remedy-mask-300-ml\/","title":{"rendered":"PIXI MILKY REMEDY MASK 300 ML"},"content":{"rendered":"<p>Les masques Pixi Remedy sont des masques gel \u00e0 rincer (300 ml) formul\u00e9s pour cibler des besoins sp\u00e9cifiques de la peau. Le Vitamin-C Remedy Mask illumine et \u00e9nergise, tandis que le Milky Remedy Mask apaise et hydrate en profondeur. Ces soins, cruelty-free, rafra\u00eechissent et lissent la peau en 10-15 minutes. <\/p>\n","protected":false},"excerpt":{"rendered":"<p>Les masques Pixi Remedy sont des masques gel \u00e0 rincer (300 ml) formul\u00e9s pour cibler&hellip;<\/p>\n","protected":false},"featured_media":3957,"comment_status":"open","ping_status":"closed","template":"","meta":[],"pwb-brand":[158],"product_brand":[],"product_cat":[80],"product_tag":[],"class_list":{"0":"post-3956","1":"product","2":"type-product","3":"status-publish","4":"has-post-thumbnail","6":"pwb-brand-pixi","7":"product_cat-soins","9":"first","10":"instock","11":"shipping-taxable","12":"purchasable","13":"product-type-simple","14":"layout-style-2","15":"col-md-4 col-sm-4 col-xs-6","16":"col-lg-3","17":"product-has-gallery","18":"product-style-addtocart"},"brands":[{"id":158,"name":"Pixi","slug":"pixi"}],"_links":{"self":[{"href":"https:\/\/chicmisscosmetics.com\/index.php\/wp-json\/wp\/v2\/product\/3956","targetHints":{"allow":["GET"]}}],"collection":[{"href":"https:\/\/chicmisscosmetics.com\/index.php\/wp-json\/wp\/v2\/product"}],"about":[{"href":"https:\/\/chicmisscosmetics.com\/index.php\/wp-json\/wp\/v2\/types\/product"}],"replies":[{"embeddable":true,"href":"https:\/\/chicmisscosmetics.com\/index.php\/wp-json\/wp\/v2\/comments?post=3956"}],"wp:featuredmedia":[{"embeddable":true,"href":"https:\/\/chicmisscosmetics.com\/index.php\/wp-json\/wp\/v2\/media\/3957"}],"wp:attachment":[{"href":"https:\/\/chicmisscosmetics.com\/index.php\/wp-json\/wp\/v2\/media?parent=3956"}],"wp:term":[{"taxonomy":"pwb-brand","embeddable":true,"href":"https:\/\/chicmisscosmetics.com\/index.php\/wp-json\/wp\/v2\/pwb-brand?post=3956"},{"taxonomy":"product_brand","embeddable":true,"href":"https:\/\/chicmisscosmetics.com\/index.php\/wp-json\/wp\/v2\/product_brand?post=3956"},{"taxonomy":"product_cat","embeddable":true,"href":"https:\/\/chicmisscosmetics.com\/index.php\/wp-json\/wp\/v2\/product_cat?post=3956"},{"taxonomy":"product_tag","embeddable":true,"href":"https:\/\/chicmisscosmetics.com\/index.php\/wp-json\/wp\/v2\/product_tag?post=3956"}],"curies":[{"name":"wp","href":"https:\/\/api.w.org\/{rel}","templated":true}]}}